{"id":4574,"date":"2025-06-05T00:31:05","date_gmt":"2025-06-04T21:31:05","guid":{"rendered":"https:\/\/sarajewelry.ee\/?post_type=product&#038;p=4574"},"modified":"2025-07-28T15:17:59","modified_gmt":"2025-07-28T12:17:59","slug":"graveering","status":"publish","type":"product","link":"https:\/\/sarajewelry.ee\/en\/product\/graveering\/","title":{"rendered":"Engraving"},"content":{"rendered":"<p><strong>Personalize your jewelry!<\/strong><\/p>\n<p>&nbsp;<\/p>\n<p>Make your bracelet or anklet unique with an engraved plate \u2013 the perfect way to perpetuate your name, an important date, a heartfelt word, or a meaningful symbol. Engraved jewelry is more than just a beautiful accessory \u2013 it's a personal memento with deep meaning.<\/p>\n<p>&nbsp;<\/p>\n<p>Tavalise tr\u00fckiga graveeringu hind on 20\u20ac.<\/p>\n<p>Oma k\u00e4ekirjaga graveeringu hind on 25\u20ac.<\/p>\n<p>&nbsp;<\/p>\n<p>Hind sisaldab plaati, mille peale graveering tehakse*<\/p>\n<p>&nbsp;<\/p>\n<p><em>The engraving price is added to the jewelry price and payment for it takes place on site.<\/em><\/p>","protected":false},"excerpt":{"rendered":"<p>Isikusta oma ehe! &nbsp; Muuda oma k\u00e4e- v\u00f5i jalakett ainulaadseks graveeritud plaadi n\u00e4ol \u2013 ideaalne viis j\u00e4\u00e4dvustada oma nimi, oluline kuup\u00e4ev, s\u00fcdamel\u00e4hedane s\u00f5na v\u00f5i t\u00e4hendusrikas s\u00fcmbol. Graveeringuga ehe on rohkem kui lihtsalt kaunis aksessuaar \u2013 see on isiklik m\u00e4lestus, millel on s\u00fcgav t\u00e4hendus. &nbsp; Tavalise tr\u00fckiga graveeringu hind on 20\u20ac. Oma k\u00e4ekirjaga graveeringu hind on [&hellip;]<\/p>","protected":false},"featured_media":4577,"template":"","meta":{"inline_featured_image":false,"_monsterinsights_skip_tracking":false,"_monsterinsights_sitenote_active":false,"_monsterinsights_sitenote_note":"","_monsterinsights_sitenote_category":0,"site-sidebar-layout":"default","site-content-layout":"","ast-site-content-layout":"default","site-content-style":"default","site-sidebar-style":"default","ast-global-header-display":"","ast-banner-title-visibility":"","ast-main-header-display":"","ast-hfb-above-header-display":"","ast-hfb-below-header-display":"","ast-hfb-mobile-header-display":"","site-post-title":"","ast-breadcrumbs-content":"","ast-featured-img":"","footer-sml-layout":"","theme-transparent-header-meta":"default","adv-header-id-meta":"","stick-header-meta":"","header-above-stick-meta":"","header-main-stick-meta":"","header-below-stick-meta":"","astra-migrate-meta-layouts":"set","ast-page-background-enabled":"default","ast-page-background-meta":{"desktop":{"background-color":"var(--ast-global-color-4)","background-image":"","background-repeat":"repeat","background-position":"center center","background-size":"auto","background-attachment":"scroll","background-type":"","background-media":"","overlay-type":"","overlay-color":"","overlay-opacity":"","overlay-gradient":""},"tablet":{"background-color":"","background-image":"","background-repeat":"repeat","background-position":"center center","background-size":"auto","background-attachment":"scroll","background-type":"","background-media":"","overlay-type":"","overlay-color":"","overlay-opacity":"","overlay-gradient":""},"mobile":{"background-color":"","background-image":"","background-repeat":"repeat","background-position":"center center","background-size":"auto","background-attachment":"scroll","background-type":"","background-media":"","overlay-type":"","overlay-color":"","overlay-opacity":"","overlay-gradient":""}},"ast-content-background-meta":{"desktop":{"background-color":"var(--ast-global-color-5)","background-image":"","background-repeat":"repeat","background-position":"center center","background-size":"auto","background-attachment":"scroll","background-type":"","background-media":"","overlay-type":"","overlay-color":"","overlay-opacity":"","overlay-gradient":""},"tablet":{"background-color":"var(--ast-global-color-5)","background-image":"","background-repeat":"repeat","background-position":"center center","background-size":"auto","background-attachment":"scroll","background-type":"","background-media":"","overlay-type":"","overlay-color":"","overlay-opacity":"","overlay-gradient":""},"mobile":{"background-color":"var(--ast-global-color-5)","background-image":"","background-repeat":"repeat","background-position":"center center","background-size":"auto","background-attachment":"scroll","background-type":"","background-media":"","overlay-type":"","overlay-color":"","overlay-opacity":"","overlay-gradient":""}},"_themeisle_gutenberg_block_has_review":false},"product_brand":[],"product_cat":[16],"product_tag":[],"class_list":{"0":"post-4574","1":"product","2":"type-product","3":"status-publish","4":"has-post-thumbnail","6":"product_cat-koik-ehted","7":"desktop-align-left","8":"tablet-align-left","9":"mobile-align-left","11":"first","12":"instock","13":"shipping-taxable","14":"purchasable","15":"product-type-variable"},"yoast_head":"<!-- This site is optimized with the Yoast SEO plugin v25.2 - https:\/\/yoast.com\/wordpress\/plugins\/seo\/ -->\n<title>Graveering - S\u00e4ra Jewelry<\/title>\n<meta name=\"robots\" content=\"index, follow, max-snippet:-1, max-image-preview:large, max-video-preview:-1\" \/>\n<link rel=\"canonical\" href=\"https:\/\/sarajewelry.ee\/en\/product\/graveering\/\" \/>\n<meta property=\"og:locale\" content=\"en_GB\" \/>\n<meta property=\"og:type\" content=\"article\" \/>\n<meta property=\"og:title\" content=\"Graveering - S\u00e4ra Jewelry\" \/>\n<meta property=\"og:description\" content=\"Isikusta oma ehe! &nbsp; Muuda oma k\u00e4e- v\u00f5i jalakett ainulaadseks graveeritud plaadi n\u00e4ol \u2013 ideaalne viis j\u00e4\u00e4dvustada oma nimi, oluline kuup\u00e4ev, s\u00fcdamel\u00e4hedane s\u00f5na v\u00f5i t\u00e4hendusrikas s\u00fcmbol. Graveeringuga ehe on rohkem kui lihtsalt kaunis aksessuaar \u2013 see on isiklik m\u00e4lestus, millel on s\u00fcgav t\u00e4hendus. &nbsp; Tavalise tr\u00fckiga graveeringu hind on 20\u20ac. Oma k\u00e4ekirjaga graveeringu hind on [&hellip;]\" \/>\n<meta property=\"og:url\" content=\"https:\/\/sarajewelry.ee\/en\/product\/graveering\/\" \/>\n<meta property=\"og:site_name\" content=\"S\u00e4ra Jewelry\" \/>\n<meta property=\"article:publisher\" content=\"https:\/\/www.facebook.com\/profile.php?id=100091880882542\" \/>\n<meta property=\"article:modified_time\" content=\"2025-07-28T12:17:59+00:00\" \/>\n<meta property=\"og:image\" content=\"https:\/\/sarajewelry.ee\/wp-content\/uploads\/2025\/06\/graveering-scaled.jpeg\" \/>\n\t<meta property=\"og:image:width\" content=\"1920\" \/>\n\t<meta property=\"og:image:height\" content=\"2560\" \/>\n\t<meta property=\"og:image:type\" content=\"image\/jpeg\" \/>\n<meta name=\"twitter:card\" content=\"summary_large_image\" \/>\n<meta name=\"twitter:label1\" content=\"Estimated reading time\" \/>\n\t<meta name=\"twitter:data1\" content=\"1 minute\" \/>\n<script type=\"application\/ld+json\" class=\"yoast-schema-graph\">{\"@context\":\"https:\/\/schema.org\",\"@graph\":[{\"@type\":\"WebPage\",\"@id\":\"https:\/\/sarajewelry.ee\/product\/graveering\/\",\"url\":\"https:\/\/sarajewelry.ee\/product\/graveering\/\",\"name\":\"Graveering - S\u00e4ra Jewelry\",\"isPartOf\":{\"@id\":\"https:\/\/sarajewelry.ee\/#website\"},\"primaryImageOfPage\":{\"@id\":\"https:\/\/sarajewelry.ee\/product\/graveering\/#primaryimage\"},\"image\":{\"@id\":\"https:\/\/sarajewelry.ee\/product\/graveering\/#primaryimage\"},\"thumbnailUrl\":\"https:\/\/sarajewelry.ee\/wp-content\/uploads\/2025\/06\/graveering-scaled.jpeg\",\"datePublished\":\"2025-06-04T21:31:05+00:00\",\"dateModified\":\"2025-07-28T12:17:59+00:00\",\"breadcrumb\":{\"@id\":\"https:\/\/sarajewelry.ee\/product\/graveering\/#breadcrumb\"},\"inLanguage\":\"en-GB\",\"potentialAction\":[{\"@type\":\"ReadAction\",\"target\":[\"https:\/\/sarajewelry.ee\/product\/graveering\/\"]}]},{\"@type\":\"ImageObject\",\"inLanguage\":\"en-GB\",\"@id\":\"https:\/\/sarajewelry.ee\/product\/graveering\/#primaryimage\",\"url\":\"https:\/\/sarajewelry.ee\/wp-content\/uploads\/2025\/06\/graveering-scaled.jpeg\",\"contentUrl\":\"https:\/\/sarajewelry.ee\/wp-content\/uploads\/2025\/06\/graveering-scaled.jpeg\",\"width\":1920,\"height\":2560},{\"@type\":\"BreadcrumbList\",\"@id\":\"https:\/\/sarajewelry.ee\/product\/graveering\/#breadcrumb\",\"itemListElement\":[{\"@type\":\"ListItem\",\"position\":1,\"name\":\"Home\",\"item\":\"https:\/\/sarajewelry.ee\/\"},{\"@type\":\"ListItem\",\"position\":2,\"name\":\"K\u00f5ik ehted\",\"item\":\"https:\/\/sarajewelry.ee\/ehted\/\"},{\"@type\":\"ListItem\",\"position\":3,\"name\":\"Graveering\"}]},{\"@type\":\"WebSite\",\"@id\":\"https:\/\/sarajewelry.ee\/#website\",\"url\":\"https:\/\/sarajewelry.ee\/\",\"name\":\"S\u00e4ra Jewelry\",\"description\":\"Permanent jewelry\",\"publisher\":{\"@id\":\"https:\/\/sarajewelry.ee\/#organization\"},\"alternateName\":\"S\u00e4ra\",\"potentialAction\":[{\"@type\":\"SearchAction\",\"target\":{\"@type\":\"EntryPoint\",\"urlTemplate\":\"https:\/\/sarajewelry.ee\/?s={search_term_string}\"},\"query-input\":{\"@type\":\"PropertyValueSpecification\",\"valueRequired\":true,\"valueName\":\"search_term_string\"}}],\"inLanguage\":\"en-GB\"},{\"@type\":\"Organization\",\"@id\":\"https:\/\/sarajewelry.ee\/#organization\",\"name\":\"S\u00e4ra Jewelry\",\"alternateName\":\"S\u00e4ra\",\"url\":\"https:\/\/sarajewelry.ee\/\",\"logo\":{\"@type\":\"ImageObject\",\"inLanguage\":\"en-GB\",\"@id\":\"https:\/\/sarajewelry.ee\/#\/schema\/logo\/image\/\",\"url\":\"https:\/\/sarajewelry.ee\/wp-content\/uploads\/2023\/05\/favicon.png\",\"contentUrl\":\"https:\/\/sarajewelry.ee\/wp-content\/uploads\/2023\/05\/favicon.png\",\"width\":1024,\"height\":1024,\"caption\":\"S\u00e4ra Jewelry\"},\"image\":{\"@id\":\"https:\/\/sarajewelry.ee\/#\/schema\/logo\/image\/\"},\"sameAs\":[\"https:\/\/www.facebook.com\/profile.php?id=100091880882542\",\"https:\/\/www.instagram.com\/sara.eesti\/\"]}]}<\/script>\n<!-- \/ Yoast SEO plugin. -->","yoast_head_json":{"title":"Graveering - S\u00e4ra Jewelry","robots":{"index":"index","follow":"follow","max-snippet":"max-snippet:-1","max-image-preview":"max-image-preview:large","max-video-preview":"max-video-preview:-1"},"canonical":"https:\/\/sarajewelry.ee\/en\/product\/graveering\/","og_locale":"en_GB","og_type":"article","og_title":"Graveering - S\u00e4ra Jewelry","og_description":"Isikusta oma ehe! &nbsp; Muuda oma k\u00e4e- v\u00f5i jalakett ainulaadseks graveeritud plaadi n\u00e4ol \u2013 ideaalne viis j\u00e4\u00e4dvustada oma nimi, oluline kuup\u00e4ev, s\u00fcdamel\u00e4hedane s\u00f5na v\u00f5i t\u00e4hendusrikas s\u00fcmbol. Graveeringuga ehe on rohkem kui lihtsalt kaunis aksessuaar \u2013 see on isiklik m\u00e4lestus, millel on s\u00fcgav t\u00e4hendus. &nbsp; Tavalise tr\u00fckiga graveeringu hind on 20\u20ac. Oma k\u00e4ekirjaga graveeringu hind on [&hellip;]","og_url":"https:\/\/sarajewelry.ee\/en\/product\/graveering\/","og_site_name":"S\u00e4ra Jewelry","article_publisher":"https:\/\/www.facebook.com\/profile.php?id=100091880882542","article_modified_time":"2025-07-28T12:17:59+00:00","og_image":[{"width":1920,"height":2560,"url":"https:\/\/sarajewelry.ee\/wp-content\/uploads\/2025\/06\/graveering-scaled.jpeg","type":"image\/jpeg"}],"twitter_card":"summary_large_image","twitter_misc":{"Estimated reading time":"1 minute"},"schema":{"@context":"https:\/\/schema.org","@graph":[{"@type":"WebPage","@id":"https:\/\/sarajewelry.ee\/product\/graveering\/","url":"https:\/\/sarajewelry.ee\/product\/graveering\/","name":"Graveering - S\u00e4ra Jewelry","isPartOf":{"@id":"https:\/\/sarajewelry.ee\/#website"},"primaryImageOfPage":{"@id":"https:\/\/sarajewelry.ee\/product\/graveering\/#primaryimage"},"image":{"@id":"https:\/\/sarajewelry.ee\/product\/graveering\/#primaryimage"},"thumbnailUrl":"https:\/\/sarajewelry.ee\/wp-content\/uploads\/2025\/06\/graveering-scaled.jpeg","datePublished":"2025-06-04T21:31:05+00:00","dateModified":"2025-07-28T12:17:59+00:00","breadcrumb":{"@id":"https:\/\/sarajewelry.ee\/product\/graveering\/#breadcrumb"},"inLanguage":"en-GB","potentialAction":[{"@type":"ReadAction","target":["https:\/\/sarajewelry.ee\/product\/graveering\/"]}]},{"@type":"ImageObject","inLanguage":"en-GB","@id":"https:\/\/sarajewelry.ee\/product\/graveering\/#primaryimage","url":"https:\/\/sarajewelry.ee\/wp-content\/uploads\/2025\/06\/graveering-scaled.jpeg","contentUrl":"https:\/\/sarajewelry.ee\/wp-content\/uploads\/2025\/06\/graveering-scaled.jpeg","width":1920,"height":2560},{"@type":"BreadcrumbList","@id":"https:\/\/sarajewelry.ee\/product\/graveering\/#breadcrumb","itemListElement":[{"@type":"ListItem","position":1,"name":"Home","item":"https:\/\/sarajewelry.ee\/"},{"@type":"ListItem","position":2,"name":"K\u00f5ik ehted","item":"https:\/\/sarajewelry.ee\/ehted\/"},{"@type":"ListItem","position":3,"name":"Graveering"}]},{"@type":"WebSite","@id":"https:\/\/sarajewelry.ee\/#website","url":"https:\/\/sarajewelry.ee\/","name":"S\u00e4ra Jewelry","description":"Permanent jewelry","publisher":{"@id":"https:\/\/sarajewelry.ee\/#organization"},"alternateName":"S\u00e4ra","potentialAction":[{"@type":"SearchAction","target":{"@type":"EntryPoint","urlTemplate":"https:\/\/sarajewelry.ee\/?s={search_term_string}"},"query-input":{"@type":"PropertyValueSpecification","valueRequired":true,"valueName":"search_term_string"}}],"inLanguage":"en-GB"},{"@type":"Organization","@id":"https:\/\/sarajewelry.ee\/#organization","name":"S\u00e4ra Jewelry","alternateName":"S\u00e4ra","url":"https:\/\/sarajewelry.ee\/","logo":{"@type":"ImageObject","inLanguage":"en-GB","@id":"https:\/\/sarajewelry.ee\/#\/schema\/logo\/image\/","url":"https:\/\/sarajewelry.ee\/wp-content\/uploads\/2023\/05\/favicon.png","contentUrl":"https:\/\/sarajewelry.ee\/wp-content\/uploads\/2023\/05\/favicon.png","width":1024,"height":1024,"caption":"S\u00e4ra Jewelry"},"image":{"@id":"https:\/\/sarajewelry.ee\/#\/schema\/logo\/image\/"},"sameAs":["https:\/\/www.facebook.com\/profile.php?id=100091880882542","https:\/\/www.instagram.com\/sara.eesti\/"]}]}},"_links":{"self":[{"href":"https:\/\/sarajewelry.ee\/en\/wp-json\/wp\/v2\/product\/4574","targetHints":{"allow":["GET"]}}],"collection":[{"href":"https:\/\/sarajewelry.ee\/en\/wp-json\/wp\/v2\/product"}],"about":[{"href":"https:\/\/sarajewelry.ee\/en\/wp-json\/wp\/v2\/types\/product"}],"wp:featuredmedia":[{"embeddable":true,"href":"https:\/\/sarajewelry.ee\/en\/wp-json\/wp\/v2\/media\/4577"}],"wp:attachment":[{"href":"https:\/\/sarajewelry.ee\/en\/wp-json\/wp\/v2\/media?parent=4574"}],"wp:term":[{"taxonomy":"product_brand","embeddable":true,"href":"https:\/\/sarajewelry.ee\/en\/wp-json\/wp\/v2\/product_brand?post=4574"},{"taxonomy":"product_cat","embeddable":true,"href":"https:\/\/sarajewelry.ee\/en\/wp-json\/wp\/v2\/product_cat?post=4574"},{"taxonomy":"product_tag","embeddable":true,"href":"https:\/\/sarajewelry.ee\/en\/wp-json\/wp\/v2\/product_tag?post=4574"}],"curies":[{"name":"wp","href":"https:\/\/api.w.org\/{rel}","templated":true}]}}