{"id":3715,"date":"2024-06-03T16:14:09","date_gmt":"2024-06-03T13:14:09","guid":{"rendered":"https:\/\/sarajewelry.ee\/?page_id=3715"},"modified":"2024-06-03T19:22:43","modified_gmt":"2024-06-03T16:22:43","slug":"yritused","status":"publish","type":"page","link":"https:\/\/sarajewelry.ee\/en\/yritused\/","title":{"rendered":"Events"},"content":{"rendered":"<div data-elementor-type=\"wp-page\" data-elementor-id=\"3715\" class=\"elementor elementor-3715\">\n\t\t\t\t\t\t<section class=\"elementor-section elementor-top-section elementor-element elementor-element-770427b elementor-section-height-min-height elementor-section-boxed elementor-section-height-default elementor-section-items-middle\" data-id=\"770427b\" data-element_type=\"section\" data-settings=\"{&quot;background_background&quot;:&quot;classic&quot;}\">\n\t\t\t\t\t\t<div class=\"elementor-container elementor-column-gap-default\">\n\t\t\t\t\t<div class=\"elementor-column elementor-col-100 elementor-top-column elementor-element elementor-element-42e31cf\" data-id=\"42e31cf\" data-element_type=\"column\">\n\t\t\t<div class=\"elementor-widget-wrap elementor-element-populated\">\n\t\t\t\t\t\t<div class=\"elementor-element elementor-element-d9b4afd elementor-invisible elementor-widget elementor-widget-heading\" data-id=\"d9b4afd\" data-element_type=\"widget\" data-settings=\"{&quot;_animation&quot;:&quot;fadeIn&quot;}\" data-widget_type=\"heading.default\">\n\t\t\t\t<div class=\"elementor-widget-container\">\n\t\t\t\t\t<h1 class=\"elementor-heading-title elementor-size-default\">Events<\/h1>\t\t\t\t<\/div>\n\t\t\t\t<\/div>\n\t\t\t\t\t<\/div>\n\t\t<\/div>\n\t\t\t\t\t<\/div>\n\t\t<\/section>\n\t\t\t\t<section class=\"elementor-section elementor-top-section elementor-element elementor-element-fcf91a9 elementor-section-boxed elementor-section-height-default elementor-section-height-default elementor-invisible\" data-id=\"fcf91a9\" data-element_type=\"section\" data-settings=\"{&quot;animation&quot;:&quot;fadeIn&quot;}\">\n\t\t\t\t\t\t<div class=\"elementor-container elementor-column-gap-default\">\n\t\t\t\t\t<div class=\"elementor-column elementor-col-100 elementor-top-column elementor-element elementor-element-12754cf\" data-id=\"12754cf\" data-element_type=\"column\">\n\t\t\t<div class=\"elementor-widget-wrap elementor-element-populated\">\n\t\t\t\t\t\t<div class=\"elementor-element elementor-element-5c24696 elementor-widget elementor-widget-heading\" data-id=\"5c24696\" data-element_type=\"widget\" data-widget_type=\"heading.default\">\n\t\t\t\t<div class=\"elementor-widget-container\">\n\t\t\t\t\t<h2 class=\"elementor-heading-title elementor-size-default\">Invite us to your event!<\/h2>\t\t\t\t<\/div>\n\t\t\t\t<\/div>\n\t\t\t\t<div class=\"elementor-element elementor-element-135028b elementor-widget-divider--view-line elementor-widget elementor-widget-divider\" data-id=\"135028b\" data-element_type=\"widget\" data-widget_type=\"divider.default\">\n\t\t\t\t<div class=\"elementor-widget-container\">\n\t\t\t\t\t\t\t<div class=\"elementor-divider\">\n\t\t\t<span class=\"elementor-divider-separator\">\n\t\t\t\t\t\t<\/span>\n\t\t<\/div>\n\t\t\t\t\t\t<\/div>\n\t\t\t\t<\/div>\n\t\t\t\t\t<\/div>\n\t\t<\/div>\n\t\t\t\t\t<\/div>\n\t\t<\/section>\n\t\t\t\t<section class=\"elementor-section elementor-top-section elementor-element elementor-element-1883459 elementor-section-boxed elementor-section-height-default elementor-section-height-default elementor-invisible\" data-id=\"1883459\" data-element_type=\"section\" data-settings=\"{&quot;animation&quot;:&quot;fadeIn&quot;}\">\n\t\t\t\t\t\t<div class=\"elementor-container elementor-column-gap-default\">\n\t\t\t\t\t<div class=\"elementor-column elementor-col-50 elementor-top-column elementor-element elementor-element-627d302\" data-id=\"627d302\" data-element_type=\"column\">\n\t\t\t<div class=\"elementor-widget-wrap elementor-element-populated\">\n\t\t\t\t\t\t<div class=\"elementor-element elementor-element-18529f0 elementor-widget elementor-widget-image\" data-id=\"18529f0\" data-element_type=\"widget\" data-widget_type=\"image.default\">\n\t\t\t\t<div class=\"elementor-widget-container\">\n\t\t\t\t\t\t\t\t\t\t\t\t\t\t\t<img fetchpriority=\"high\" decoding=\"async\" width=\"1024\" height=\"692\" src=\"https:\/\/sarajewelry.ee\/wp-content\/uploads\/2024\/06\/A000729-R1-30-7A-1024x692.jpg\" class=\"attachment-large size-large wp-image-3734\" alt=\"\" srcset=\"https:\/\/sarajewelry.ee\/wp-content\/uploads\/2024\/06\/A000729-R1-30-7A-1024x692.jpg 1024w, https:\/\/sarajewelry.ee\/wp-content\/uploads\/2024\/06\/A000729-R1-30-7A-300x203.jpg 300w, https:\/\/sarajewelry.ee\/wp-content\/uploads\/2024\/06\/A000729-R1-30-7A-768x519.jpg 768w, https:\/\/sarajewelry.ee\/wp-content\/uploads\/2024\/06\/A000729-R1-30-7A-1536x1038.jpg 1536w, https:\/\/sarajewelry.ee\/wp-content\/uploads\/2024\/06\/A000729-R1-30-7A-18x12.jpg 18w, https:\/\/sarajewelry.ee\/wp-content\/uploads\/2024\/06\/A000729-R1-30-7A-1000x675.jpg 1000w, https:\/\/sarajewelry.ee\/wp-content\/uploads\/2024\/06\/A000729-R1-30-7A.jpg 1818w\" sizes=\"(max-width: 1024px) 100vw, 1024px\" \/>\t\t\t\t\t\t\t\t\t\t\t\t\t\t\t<\/div>\n\t\t\t\t<\/div>\n\t\t\t\t\t<\/div>\n\t\t<\/div>\n\t\t\t\t<div class=\"elementor-column elementor-col-50 elementor-top-column elementor-element elementor-element-98d472f\" data-id=\"98d472f\" data-element_type=\"column\">\n\t\t\t<div class=\"elementor-widget-wrap elementor-element-populated\">\n\t\t\t\t\t\t<div class=\"elementor-element elementor-element-68f6ce4 elementor-widget elementor-widget-text-editor\" data-id=\"68f6ce4\" data-element_type=\"widget\" data-widget_type=\"text-editor.default\">\n\t\t\t\t<div class=\"elementor-widget-container\">\n\t\t\t\t\t\t\t\t\t<p>You can book us for your events! Fill out the booking form and we will contact you.<\/p>\t\t\t\t\t\t\t\t<\/div>\n\t\t\t\t<\/div>\n\t\t\t\t\t<\/div>\n\t\t<\/div>\n\t\t\t\t\t<\/div>\n\t\t<\/section>\n\t\t\t\t<section class=\"elementor-section elementor-top-section elementor-element elementor-element-406ef9e elementor-section-boxed elementor-section-height-default elementor-section-height-default elementor-invisible\" data-id=\"406ef9e\" data-element_type=\"section\" data-settings=\"{&quot;animation&quot;:&quot;fadeIn&quot;}\">\n\t\t\t\t\t\t<div class=\"elementor-container elementor-column-gap-default\">\n\t\t\t\t\t<div class=\"elementor-column elementor-col-100 elementor-top-column elementor-element elementor-element-2675460\" data-id=\"2675460\" data-element_type=\"column\">\n\t\t\t<div class=\"elementor-widget-wrap elementor-element-populated\">\n\t\t\t\t\t\t<div class=\"elementor-element elementor-element-85a5165 elementor-widget elementor-widget-heading\" data-id=\"85a5165\" data-element_type=\"widget\" data-widget_type=\"heading.default\">\n\t\t\t\t<div class=\"elementor-widget-container\">\n\t\t\t\t\t<h3 class=\"elementor-heading-title elementor-size-default\">Fill out the form to contact us<\/h3>\t\t\t\t<\/div>\n\t\t\t\t<\/div>\n\t\t\t\t<div class=\"elementor-element elementor-element-ebf0751 elementor-widget elementor-widget-wpforms\" data-id=\"ebf0751\" data-element_type=\"widget\" data-widget_type=\"wpforms.default\">\n\t\t\t\t<div class=\"elementor-widget-container\">\n\t\t\t\t\t<div class=\"wpforms-container\" id=\"wpforms-3717\"><form id=\"wpforms-form-3717\" class=\"wpforms-validate wpforms-form wpforms-ajax-form\" data-formid=\"3717\" method=\"post\" enctype=\"multipart\/form-data\" action=\"\/en\/wp-json\/wp\/v2\/pages\/3715\" data-token=\"5fa4f29446ce71c2764ee6bed955f59d\" data-token-time=\"1778701827\" data-trp-original-action=\"\/en\/wp-json\/wp\/v2\/pages\/3715\"><noscript class=\"wpforms-error-noscript\">Please enable JavaScript in your browser to complete this form.<\/noscript><div class=\"wpforms-field-container\"><div id=\"wpforms-3717-field_0-container\" class=\"wpforms-field wpforms-field-name\" data-field-id=\"0\"><label class=\"wpforms-field-label wpforms-label-hide\" for=\"wpforms-3717-field_0\">Name <span class=\"wpforms-required-label\">*<\/span><\/label><input type=\"text\" id=\"wpforms-3717-field_0\" class=\"wpforms-field-large wpforms-field-required\" name=\"wpforms[fields][0]\" placeholder=\"Name\" required><\/div><div id=\"wpforms-3717-field_1-container\" class=\"wpforms-field wpforms-field-email\" data-field-id=\"1\"><label class=\"wpforms-field-label wpforms-label-hide\" for=\"wpforms-3717-field_1\">E-mail <span class=\"wpforms-required-label\">*<\/span><\/label><input type=\"email\" id=\"wpforms-3717-field_1\" class=\"wpforms-field-large wpforms-field-required\" name=\"wpforms[fields][1]\" placeholder=\"E-mail\" spellcheck=\"false\" required><\/div><div id=\"wpforms-3717-field_10-container\" class=\"wpforms-field wpforms-field-number\" data-field-id=\"10\"><label class=\"wpforms-field-label wpforms-label-hide\" for=\"wpforms-3717-field_10\">Phone number <span class=\"wpforms-required-label\">*<\/span><\/label><input type=\"number\" id=\"wpforms-3717-field_10\" class=\"wpforms-field-large wpforms-field-required\" name=\"wpforms[fields][10]\" placeholder=\"Phone number\" step=\"any\" required><\/div><div id=\"wpforms-3717-field_7-container\" class=\"wpforms-field wpforms-field-text\" data-field-id=\"7\"><label class=\"wpforms-field-label wpforms-label-hide\" for=\"wpforms-3717-field_7\">Event location <span class=\"wpforms-required-label\">*<\/span><\/label><input type=\"text\" id=\"wpforms-3717-field_7\" class=\"wpforms-field-large wpforms-field-required\" name=\"wpforms[fields][7]\" placeholder=\"Event location\" required><\/div><div id=\"wpforms-3717-field_8-container\" class=\"wpforms-field wpforms-field-text\" data-field-id=\"8\"><label class=\"wpforms-field-label wpforms-label-hide\" for=\"wpforms-3717-field_8\">The time of the event <span class=\"wpforms-required-label\">*<\/span><\/label><input type=\"text\" id=\"wpforms-3717-field_8\" class=\"wpforms-field-large wpforms-field-required\" name=\"wpforms[fields][8]\" placeholder=\"The time of the event\" required><\/div><div id=\"wpforms-3717-field_9-container\" class=\"wpforms-field wpforms-field-text\" data-field-id=\"9\"><label class=\"wpforms-field-label wpforms-label-hide\" for=\"wpforms-3717-field_9\">Approximate number of people at the event <span class=\"wpforms-required-label\">*<\/span><\/label><input type=\"text\" id=\"wpforms-3717-field_9\" class=\"wpforms-field-large wpforms-field-required\" name=\"wpforms[fields][9]\" placeholder=\"Approximate number of people at the event\" required><\/div><div id=\"wpforms-3717-field_2-container\" class=\"wpforms-field wpforms-field-textarea\" data-field-id=\"2\"><label class=\"wpforms-field-label wpforms-label-hide\" for=\"wpforms-3717-field_2\">Additional details about the event <span class=\"wpforms-required-label\">*<\/span><\/label><textarea id=\"wpforms-3717-field_2\" class=\"wpforms-field-medium wpforms-field-required\" name=\"wpforms[fields][2]\" placeholder=\"Additional details about the event\" required><\/textarea><\/div><\/div><!-- .wpforms-field-container --><div class=\"wpforms-submit-container\" ><input type=\"hidden\" name=\"wpforms[id]\" value=\"3717\"><input type=\"hidden\" name=\"page_title\" value=\"\"><input type=\"hidden\" name=\"page_url\" value=\"https:\/\/sarajewelry.ee\/en\/wp-json\/wp\/v2\/pages\/3715\"><input type=\"hidden\" name=\"url_referer\" value=\"\"><button type=\"submit\" name=\"wpforms[submit]\" id=\"wpforms-submit-3717\" class=\"wpforms-submit\" data-alt-text=\"Laen...\" data-submit-text=\"Saada\" aria-live=\"assertive\" value=\"wpforms-submit\">Send<\/button><img decoding=\"async\" src=\"https:\/\/sarajewelry.ee\/wp-content\/plugins\/wpforms-lite\/assets\/images\/submit-spin.svg\" class=\"wpforms-submit-spinner\" style=\"display: none;\" width=\"26\" height=\"26\" alt=\"Loading\"><\/div><input type=\"hidden\" name=\"trp-form-language\" value=\"en\"\/><\/form><\/div>  <!-- .wpforms-container -->\t\t\t\t<\/div>\n\t\t\t\t<\/div>\n\t\t\t\t\t<\/div>\n\t\t<\/div>\n\t\t\t\t\t<\/div>\n\t\t<\/section>\n\t\t\t\t<\/div>","protected":false},"excerpt":{"rendered":"<p>\u00dcritused Kutsu meid oma s\u00fcndmusele! Meid on v\u00f5imalik broneerida oma s\u00fcndmustele! T\u00e4ida broneeringuvorm ning me v\u00f5tame teiega \u00fchendust. T\u00e4ida vorm, et meiega \u00fchendust v\u00f5tta Please enable JavaScript in your browser to complete this form.Nimi *E-posti aadress *Telefoni number *S\u00fcndmuse asukoht *S\u00fcndmuse toimumise aeg *Umbkaudne inimeste arv s\u00fcndmusel *Lisadetailid s\u00fcndmuse kohta * Saada<\/p>","protected":false},"author":1,"featured_media":0,"parent":0,"menu_order":0,"comment_status":"closed","ping_status":"closed","template":"","meta":{"inline_featured_image":false,"_monsterinsights_skip_tracking":false,"_monsterinsights_sitenote_active":false,"_monsterinsights_sitenote_note":"","_monsterinsights_sitenote_category":0,"site-sidebar-layout":"no-sidebar","site-content-layout":"page-builder","ast-site-content-layout":"full-width-container","site-content-style":"default","site-sidebar-style":"default","ast-global-header-display":"","ast-banner-title-visibility":"","ast-main-header-display":"","ast-hfb-above-header-display":"","ast-hfb-below-header-display":"","ast-hfb-mobile-header-display":"","site-post-title":"disabled","ast-breadcrumbs-content":"","ast-featured-img":"disabled","footer-sml-layout":"","theme-transparent-header-meta":"","adv-header-id-meta":"","stick-header-meta":"","header-above-stick-meta":"","header-main-stick-meta":"","header-below-stick-meta":"","astra-migrate-meta-layouts":"set","ast-page-background-enabled":"default","ast-page-background-meta":{"desktop":{"background-color":"var(--ast-global-color-4)","background-image":"","background-repeat":"repeat","background-position":"center center","background-size":"auto","background-attachment":"scroll","background-type":"","background-media":"","overlay-type":"","overlay-color":"","overlay-opacity":"","overlay-gradient":""},"tablet":{"background-color":"","background-image":"","background-repeat":"repeat","background-position":"center center","background-size":"auto","background-attachment":"scroll","background-type":"","background-media":"","overlay-type":"","overlay-color":"","overlay-opacity":"","overlay-gradient":""},"mobile":{"background-color":"","background-image":"","background-repeat":"repeat","background-position":"center center","background-size":"auto","background-attachment":"scroll","background-type":"","background-media":"","overlay-type":"","overlay-color":"","overlay-opacity":"","overlay-gradient":""}},"ast-content-background-meta":{"desktop":{"background-color":"var(--ast-global-color-5)","background-image":"","background-repeat":"repeat","background-position":"center center","background-size":"auto","background-attachment":"scroll","background-type":"","background-media":"","overlay-type":"","overlay-color":"","overlay-opacity":"","overlay-gradient":""},"tablet":{"background-color":"var(--ast-global-color-5)","background-image":"","background-repeat":"repeat","background-position":"center center","background-size":"auto","background-attachment":"scroll","background-type":"","background-media":"","overlay-type":"","overlay-color":"","overlay-opacity":"","overlay-gradient":""},"mobile":{"background-color":"var(--ast-global-color-5)","background-image":"","background-repeat":"repeat","background-position":"center center","background-size":"auto","background-attachment":"scroll","background-type":"","background-media":"","overlay-type":"","overlay-color":"","overlay-opacity":"","overlay-gradient":""}},"_themeisle_gutenberg_block_has_review":false,"footnotes":""},"class_list":["post-3715","page","type-page","status-publish","hentry"],"yoast_head":"<!-- This site is optimized with the Yoast SEO plugin v25.2 - https:\/\/yoast.com\/wordpress\/plugins\/seo\/ -->\n<title>\u00dcritused - S\u00e4ra Jewelry<\/title>\n<meta name=\"robots\" content=\"index, follow, max-snippet:-1, max-image-preview:large, max-video-preview:-1\" \/>\n<link rel=\"canonical\" href=\"https:\/\/sarajewelry.ee\/en\/yritused\/\" \/>\n<meta property=\"og:locale\" content=\"en_GB\" \/>\n<meta property=\"og:type\" content=\"article\" \/>\n<meta property=\"og:title\" content=\"\u00dcritused - S\u00e4ra Jewelry\" \/>\n<meta property=\"og:description\" content=\"\u00dcritused Kutsu meid oma s\u00fcndmusele! Meid on v\u00f5imalik broneerida oma s\u00fcndmustele! T\u00e4ida broneeringuvorm ning me v\u00f5tame teiega \u00fchendust. T\u00e4ida vorm, et meiega \u00fchendust v\u00f5tta Please enable JavaScript in your browser to complete this form.Nimi *E-posti aadress *Telefoni number *S\u00fcndmuse asukoht *S\u00fcndmuse toimumise aeg *Umbkaudne inimeste arv s\u00fcndmusel *Lisadetailid s\u00fcndmuse kohta * Saada\" \/>\n<meta property=\"og:url\" content=\"https:\/\/sarajewelry.ee\/en\/yritused\/\" \/>\n<meta property=\"og:site_name\" content=\"S\u00e4ra Jewelry\" \/>\n<meta property=\"article:publisher\" content=\"https:\/\/www.facebook.com\/profile.php?id=100091880882542\" \/>\n<meta property=\"article:modified_time\" content=\"2024-06-03T16:22:43+00:00\" \/>\n<meta property=\"og:image\" content=\"https:\/\/sarajewelry.ee\/wp-content\/uploads\/2024\/06\/A000729-R1-30-7A-1024x692.jpg\" \/>\n<meta name=\"twitter:card\" content=\"summary_large_image\" \/>\n<meta name=\"twitter:label1\" content=\"Estimated reading time\" \/>\n\t<meta name=\"twitter:data1\" content=\"1 minute\" \/>\n<script type=\"application\/ld+json\" class=\"yoast-schema-graph\">{\"@context\":\"https:\/\/schema.org\",\"@graph\":[{\"@type\":\"WebPage\",\"@id\":\"https:\/\/sarajewelry.ee\/yritused\/\",\"url\":\"https:\/\/sarajewelry.ee\/yritused\/\",\"name\":\"\u00dcritused - S\u00e4ra Jewelry\",\"isPartOf\":{\"@id\":\"https:\/\/sarajewelry.ee\/#website\"},\"primaryImageOfPage\":{\"@id\":\"https:\/\/sarajewelry.ee\/yritused\/#primaryimage\"},\"image\":{\"@id\":\"https:\/\/sarajewelry.ee\/yritused\/#primaryimage\"},\"thumbnailUrl\":\"https:\/\/sarajewelry.ee\/wp-content\/uploads\/2024\/06\/A000729-R1-30-7A-1024x692.jpg\",\"datePublished\":\"2024-06-03T13:14:09+00:00\",\"dateModified\":\"2024-06-03T16:22:43+00:00\",\"breadcrumb\":{\"@id\":\"https:\/\/sarajewelry.ee\/yritused\/#breadcrumb\"},\"inLanguage\":\"en-GB\",\"potentialAction\":[{\"@type\":\"ReadAction\",\"target\":[\"https:\/\/sarajewelry.ee\/yritused\/\"]}]},{\"@type\":\"ImageObject\",\"inLanguage\":\"en-GB\",\"@id\":\"https:\/\/sarajewelry.ee\/yritused\/#primaryimage\",\"url\":\"https:\/\/sarajewelry.ee\/wp-content\/uploads\/2024\/06\/A000729-R1-30-7A-1024x692.jpg\",\"contentUrl\":\"https:\/\/sarajewelry.ee\/wp-content\/uploads\/2024\/06\/A000729-R1-30-7A-1024x692.jpg\"},{\"@type\":\"BreadcrumbList\",\"@id\":\"https:\/\/sarajewelry.ee\/yritused\/#breadcrumb\",\"itemListElement\":[{\"@type\":\"ListItem\",\"position\":1,\"name\":\"Home\",\"item\":\"https:\/\/sarajewelry.ee\/\"},{\"@type\":\"ListItem\",\"position\":2,\"name\":\"\u00dcritused\"}]},{\"@type\":\"WebSite\",\"@id\":\"https:\/\/sarajewelry.ee\/#website\",\"url\":\"https:\/\/sarajewelry.ee\/\",\"name\":\"S\u00e4ra Jewelry\",\"description\":\"Permanent jewelry\",\"publisher\":{\"@id\":\"https:\/\/sarajewelry.ee\/#organization\"},\"alternateName\":\"S\u00e4ra\",\"potentialAction\":[{\"@type\":\"SearchAction\",\"target\":{\"@type\":\"EntryPoint\",\"urlTemplate\":\"https:\/\/sarajewelry.ee\/?s={search_term_string}\"},\"query-input\":{\"@type\":\"PropertyValueSpecification\",\"valueRequired\":true,\"valueName\":\"search_term_string\"}}],\"inLanguage\":\"en-GB\"},{\"@type\":\"Organization\",\"@id\":\"https:\/\/sarajewelry.ee\/#organization\",\"name\":\"S\u00e4ra Jewelry\",\"alternateName\":\"S\u00e4ra\",\"url\":\"https:\/\/sarajewelry.ee\/\",\"logo\":{\"@type\":\"ImageObject\",\"inLanguage\":\"en-GB\",\"@id\":\"https:\/\/sarajewelry.ee\/#\/schema\/logo\/image\/\",\"url\":\"https:\/\/sarajewelry.ee\/wp-content\/uploads\/2023\/05\/favicon.png\",\"contentUrl\":\"https:\/\/sarajewelry.ee\/wp-content\/uploads\/2023\/05\/favicon.png\",\"width\":1024,\"height\":1024,\"caption\":\"S\u00e4ra Jewelry\"},\"image\":{\"@id\":\"https:\/\/sarajewelry.ee\/#\/schema\/logo\/image\/\"},\"sameAs\":[\"https:\/\/www.facebook.com\/profile.php?id=100091880882542\",\"https:\/\/www.instagram.com\/sara.eesti\/\"]}]}<\/script>\n<!-- \/ Yoast SEO plugin. -->","yoast_head_json":{"title":"\u00dcritused - S\u00e4ra Jewelry","robots":{"index":"index","follow":"follow","max-snippet":"max-snippet:-1","max-image-preview":"max-image-preview:large","max-video-preview":"max-video-preview:-1"},"canonical":"https:\/\/sarajewelry.ee\/en\/yritused\/","og_locale":"en_GB","og_type":"article","og_title":"\u00dcritused - S\u00e4ra Jewelry","og_description":"\u00dcritused Kutsu meid oma s\u00fcndmusele! Meid on v\u00f5imalik broneerida oma s\u00fcndmustele! T\u00e4ida broneeringuvorm ning me v\u00f5tame teiega \u00fchendust. T\u00e4ida vorm, et meiega \u00fchendust v\u00f5tta Please enable JavaScript in your browser to complete this form.Nimi *E-posti aadress *Telefoni number *S\u00fcndmuse asukoht *S\u00fcndmuse toimumise aeg *Umbkaudne inimeste arv s\u00fcndmusel *Lisadetailid s\u00fcndmuse kohta * Saada","og_url":"https:\/\/sarajewelry.ee\/en\/yritused\/","og_site_name":"S\u00e4ra Jewelry","article_publisher":"https:\/\/www.facebook.com\/profile.php?id=100091880882542","article_modified_time":"2024-06-03T16:22:43+00:00","og_image":[{"url":"https:\/\/sarajewelry.ee\/wp-content\/uploads\/2024\/06\/A000729-R1-30-7A-1024x692.jpg","type":"","width":"","height":""}],"twitter_card":"summary_large_image","twitter_misc":{"Estimated reading time":"1 minute"},"schema":{"@context":"https:\/\/schema.org","@graph":[{"@type":"WebPage","@id":"https:\/\/sarajewelry.ee\/yritused\/","url":"https:\/\/sarajewelry.ee\/yritused\/","name":"\u00dcritused - S\u00e4ra Jewelry","isPartOf":{"@id":"https:\/\/sarajewelry.ee\/#website"},"primaryImageOfPage":{"@id":"https:\/\/sarajewelry.ee\/yritused\/#primaryimage"},"image":{"@id":"https:\/\/sarajewelry.ee\/yritused\/#primaryimage"},"thumbnailUrl":"https:\/\/sarajewelry.ee\/wp-content\/uploads\/2024\/06\/A000729-R1-30-7A-1024x692.jpg","datePublished":"2024-06-03T13:14:09+00:00","dateModified":"2024-06-03T16:22:43+00:00","breadcrumb":{"@id":"https:\/\/sarajewelry.ee\/yritused\/#breadcrumb"},"inLanguage":"en-GB","potentialAction":[{"@type":"ReadAction","target":["https:\/\/sarajewelry.ee\/yritused\/"]}]},{"@type":"ImageObject","inLanguage":"en-GB","@id":"https:\/\/sarajewelry.ee\/yritused\/#primaryimage","url":"https:\/\/sarajewelry.ee\/wp-content\/uploads\/2024\/06\/A000729-R1-30-7A-1024x692.jpg","contentUrl":"https:\/\/sarajewelry.ee\/wp-content\/uploads\/2024\/06\/A000729-R1-30-7A-1024x692.jpg"},{"@type":"BreadcrumbList","@id":"https:\/\/sarajewelry.ee\/yritused\/#breadcrumb","itemListElement":[{"@type":"ListItem","position":1,"name":"Home","item":"https:\/\/sarajewelry.ee\/"},{"@type":"ListItem","position":2,"name":"\u00dcritused"}]},{"@type":"WebSite","@id":"https:\/\/sarajewelry.ee\/#website","url":"https:\/\/sarajewelry.ee\/","name":"S\u00e4ra Jewelry","description":"Permanent jewelry","publisher":{"@id":"https:\/\/sarajewelry.ee\/#organization"},"alternateName":"S\u00e4ra","potentialAction":[{"@type":"SearchAction","target":{"@type":"EntryPoint","urlTemplate":"https:\/\/sarajewelry.ee\/?s={search_term_string}"},"query-input":{"@type":"PropertyValueSpecification","valueRequired":true,"valueName":"search_term_string"}}],"inLanguage":"en-GB"},{"@type":"Organization","@id":"https:\/\/sarajewelry.ee\/#organization","name":"S\u00e4ra Jewelry","alternateName":"S\u00e4ra","url":"https:\/\/sarajewelry.ee\/","logo":{"@type":"ImageObject","inLanguage":"en-GB","@id":"https:\/\/sarajewelry.ee\/#\/schema\/logo\/image\/","url":"https:\/\/sarajewelry.ee\/wp-content\/uploads\/2023\/05\/favicon.png","contentUrl":"https:\/\/sarajewelry.ee\/wp-content\/uploads\/2023\/05\/favicon.png","width":1024,"height":1024,"caption":"S\u00e4ra Jewelry"},"image":{"@id":"https:\/\/sarajewelry.ee\/#\/schema\/logo\/image\/"},"sameAs":["https:\/\/www.facebook.com\/profile.php?id=100091880882542","https:\/\/www.instagram.com\/sara.eesti\/"]}]}},"_links":{"self":[{"href":"https:\/\/sarajewelry.ee\/en\/wp-json\/wp\/v2\/pages\/3715","targetHints":{"allow":["GET"]}}],"collection":[{"href":"https:\/\/sarajewelry.ee\/en\/wp-json\/wp\/v2\/pages"}],"about":[{"href":"https:\/\/sarajewelry.ee\/en\/wp-json\/wp\/v2\/types\/page"}],"author":[{"embeddable":true,"href":"https:\/\/sarajewelry.ee\/en\/wp-json\/wp\/v2\/users\/1"}],"replies":[{"embeddable":true,"href":"https:\/\/sarajewelry.ee\/en\/wp-json\/wp\/v2\/comments?post=3715"}],"version-history":[{"count":32,"href":"https:\/\/sarajewelry.ee\/en\/wp-json\/wp\/v2\/pages\/3715\/revisions"}],"predecessor-version":[{"id":3756,"href":"https:\/\/sarajewelry.ee\/en\/wp-json\/wp\/v2\/pages\/3715\/revisions\/3756"}],"wp:attachment":[{"href":"https:\/\/sarajewelry.ee\/en\/wp-json\/wp\/v2\/media?parent=3715"}],"curies":[{"name":"wp","href":"https:\/\/api.w.org\/{rel}","templated":true}]}}