{"id":3446,"date":"2024-03-02T14:11:07","date_gmt":"2024-03-02T12:11:07","guid":{"rendered":"https:\/\/sarajewelry.ee\/?page_id=3446"},"modified":"2024-09-26T00:20:44","modified_gmt":"2024-09-25T21:20:44","slug":"korduma-kyppuvad-kysimused","status":"publish","type":"page","link":"https:\/\/sarajewelry.ee\/en\/korduma-kyppuvad-kysimused\/","title":{"rendered":"FAQ"},"content":{"rendered":"<div data-elementor-type=\"wp-page\" data-elementor-id=\"3446\" class=\"elementor elementor-3446\">\n\t\t\t\t\t\t<section class=\"elementor-section elementor-top-section elementor-element elementor-element-8e4a588 elementor-section-height-min-height elementor-section-boxed elementor-section-height-default elementor-section-items-middle\" data-id=\"8e4a588\" data-element_type=\"section\" data-settings=\"{&quot;background_background&quot;:&quot;classic&quot;}\">\n\t\t\t\t\t\t<div class=\"elementor-container elementor-column-gap-default\">\n\t\t\t\t\t<div class=\"elementor-column elementor-col-100 elementor-top-column elementor-element elementor-element-1a4c1d9\" data-id=\"1a4c1d9\" data-element_type=\"column\">\n\t\t\t<div class=\"elementor-widget-wrap elementor-element-populated\">\n\t\t\t\t\t\t<div class=\"elementor-element elementor-element-af14d07 elementor-invisible elementor-widget elementor-widget-heading\" data-id=\"af14d07\" data-element_type=\"widget\" data-settings=\"{&quot;_animation&quot;:&quot;fadeIn&quot;}\" data-widget_type=\"heading.default\">\n\t\t\t\t<div class=\"elementor-widget-container\">\n\t\t\t\t\t<h1 class=\"elementor-heading-title elementor-size-default\">faq<\/h1>\t\t\t\t<\/div>\n\t\t\t\t<\/div>\n\t\t\t\t\t<\/div>\n\t\t<\/div>\n\t\t\t\t\t<\/div>\n\t\t<\/section>\n\t\t\t\t<section class=\"elementor-section elementor-top-section elementor-element elementor-element-90af8e2 elementor-section-boxed elementor-section-height-default elementor-section-height-default elementor-invisible\" data-id=\"90af8e2\" data-element_type=\"section\" data-settings=\"{&quot;animation&quot;:&quot;fadeIn&quot;}\">\n\t\t\t\t\t\t<div class=\"elementor-container elementor-column-gap-default\">\n\t\t\t\t\t<div class=\"elementor-column elementor-col-100 elementor-top-column elementor-element elementor-element-27f1fa1\" data-id=\"27f1fa1\" data-element_type=\"column\">\n\t\t\t<div class=\"elementor-widget-wrap elementor-element-populated\">\n\t\t\t\t\t\t<div class=\"elementor-element elementor-element-fcc227b elementor-widget elementor-widget-heading\" data-id=\"fcc227b\" data-element_type=\"widget\" data-widget_type=\"heading.default\">\n\t\t\t\t<div class=\"elementor-widget-container\">\n\t\t\t\t\t<h4 class=\"elementor-heading-title elementor-size-default\">Frequently asked questions<\/h4>\t\t\t\t<\/div>\n\t\t\t\t<\/div>\n\t\t\t\t<div class=\"elementor-element elementor-element-5f2e128 elementor-widget elementor-widget-toggle\" data-id=\"5f2e128\" data-element_type=\"widget\" data-widget_type=\"toggle.default\">\n\t\t\t\t<div class=\"elementor-widget-container\">\n\t\t\t\t\t\t\t<div class=\"elementor-toggle\">\n\t\t\t\t\t\t\t<div class=\"elementor-toggle-item\">\n\t\t\t\t\t<div id=\"elementor-tab-title-9981\" class=\"elementor-tab-title\" data-tab=\"1\" role=\"button\" aria-controls=\"elementor-tab-content-9981\" aria-expanded=\"false\">\n\t\t\t\t\t\t\t\t\t\t\t\t<span class=\"elementor-toggle-icon elementor-toggle-icon-left\" aria-hidden=\"true\">\n\t\t\t\t\t\t\t\t\t\t\t\t\t\t\t<span class=\"elementor-toggle-icon-closed\"><i class=\"fas fa-caret-right\"><\/i><\/span>\n\t\t\t\t\t\t\t\t<span class=\"elementor-toggle-icon-opened\"><i class=\"elementor-toggle-icon-opened fas fa-caret-up\"><\/i><\/span>\n\t\t\t\t\t\t\t\t\t\t\t\t\t<\/span>\n\t\t\t\t\t\t\t\t\t\t\t\t<a class=\"elementor-toggle-title\" tabindex=\"0\">Is there a warranty on the chains?<\/a>\n\t\t\t\t\t<\/div>\n\n\t\t\t\t\t<div id=\"elementor-tab-content-9981\" class=\"elementor-tab-content elementor-clearfix\" data-tab=\"1\" role=\"region\" aria-labelledby=\"elementor-tab-title-9981\"><p><span style=\"font-style: inherit; font-weight: inherit; background-color: var( --e-global-color-astglobalcolor2 ); color: var(--ast-global-color-0);\">The warranty is valid within two weeks after installation in cases where:<\/span><br><\/p><p>the chain attachment should break;<\/p><p><\/p><p>if the chain should break by itself.<\/p><\/div>\n\t\t\t\t<\/div>\n\t\t\t\t\t\t\t<div class=\"elementor-toggle-item\">\n\t\t\t\t\t<div id=\"elementor-tab-title-9982\" class=\"elementor-tab-title\" data-tab=\"2\" role=\"button\" aria-controls=\"elementor-tab-content-9982\" aria-expanded=\"false\">\n\t\t\t\t\t\t\t\t\t\t\t\t<span class=\"elementor-toggle-icon elementor-toggle-icon-left\" aria-hidden=\"true\">\n\t\t\t\t\t\t\t\t\t\t\t\t\t\t\t<span class=\"elementor-toggle-icon-closed\"><i class=\"fas fa-caret-right\"><\/i><\/span>\n\t\t\t\t\t\t\t\t<span class=\"elementor-toggle-icon-opened\"><i class=\"elementor-toggle-icon-opened fas fa-caret-up\"><\/i><\/span>\n\t\t\t\t\t\t\t\t\t\t\t\t\t<\/span>\n\t\t\t\t\t\t\t\t\t\t\t\t<a class=\"elementor-toggle-title\" tabindex=\"0\">Can you wear the permanent bracelet in the sauna?<\/a>\n\t\t\t\t\t<\/div>\n\n\t\t\t\t\t<div id=\"elementor-tab-content-9982\" class=\"elementor-tab-content elementor-clearfix\" data-tab=\"2\" role=\"region\" aria-labelledby=\"elementor-tab-title-9982\"><p><span style=\"font-weight: 400;\">Yes, you can! S\u00c4RA chains are thin enough and constantly in contact with the skin, allowing you to confidently wear them in the sauna.\u00a0<\/span><\/p><\/div>\n\t\t\t\t<\/div>\n\t\t\t\t\t\t\t<div class=\"elementor-toggle-item\">\n\t\t\t\t\t<div id=\"elementor-tab-title-9983\" class=\"elementor-tab-title\" data-tab=\"3\" role=\"button\" aria-controls=\"elementor-tab-content-9983\" aria-expanded=\"false\">\n\t\t\t\t\t\t\t\t\t\t\t\t<span class=\"elementor-toggle-icon elementor-toggle-icon-left\" aria-hidden=\"true\">\n\t\t\t\t\t\t\t\t\t\t\t\t\t\t\t<span class=\"elementor-toggle-icon-closed\"><i class=\"fas fa-caret-right\"><\/i><\/span>\n\t\t\t\t\t\t\t\t<span class=\"elementor-toggle-icon-opened\"><i class=\"elementor-toggle-icon-opened fas fa-caret-up\"><\/i><\/span>\n\t\t\t\t\t\t\t\t\t\t\t\t\t<\/span>\n\t\t\t\t\t\t\t\t\t\t\t\t<a class=\"elementor-toggle-title\" tabindex=\"0\">Will there be any issues with the permanent bracelet at airport security?<\/a>\n\t\t\t\t\t<\/div>\n\n\t\t\t\t\t<div id=\"elementor-tab-content-9983\" class=\"elementor-tab-content elementor-clearfix\" data-tab=\"3\" role=\"region\" aria-labelledby=\"elementor-tab-title-9983\"><p><span style=\"font-weight: 400;\">No there won't be! Today airport security checks have become very flexible, and the S\u00c4RA bracelet does not cause any problems when passing through security.<\/span><\/p><\/div>\n\t\t\t\t<\/div>\n\t\t\t\t\t\t\t<div class=\"elementor-toggle-item\">\n\t\t\t\t\t<div id=\"elementor-tab-title-9984\" class=\"elementor-tab-title\" data-tab=\"4\" role=\"button\" aria-controls=\"elementor-tab-content-9984\" aria-expanded=\"false\">\n\t\t\t\t\t\t\t\t\t\t\t\t<span class=\"elementor-toggle-icon elementor-toggle-icon-left\" aria-hidden=\"true\">\n\t\t\t\t\t\t\t\t\t\t\t\t\t\t\t<span class=\"elementor-toggle-icon-closed\"><i class=\"fas fa-caret-right\"><\/i><\/span>\n\t\t\t\t\t\t\t\t<span class=\"elementor-toggle-icon-opened\"><i class=\"elementor-toggle-icon-opened fas fa-caret-up\"><\/i><\/span>\n\t\t\t\t\t\t\t\t\t\t\t\t\t<\/span>\n\t\t\t\t\t\t\t\t\t\t\t\t<a class=\"elementor-toggle-title\" tabindex=\"0\">Is it possible to cancel a reservation?<\/a>\n\t\t\t\t\t<\/div>\n\n\t\t\t\t\t<div id=\"elementor-tab-content-9984\" class=\"elementor-tab-content elementor-clearfix\" data-tab=\"4\" role=\"region\" aria-labelledby=\"elementor-tab-title-9984\"><p><span style=\"font-weight: 400;\">The reservation time and date can be changed if you notify us at least 12 hours in advance. The reservation cannot be canceled completely.<\/span><\/p><\/div>\n\t\t\t\t<\/div>\n\t\t\t\t\t\t\t<div class=\"elementor-toggle-item\">\n\t\t\t\t\t<div id=\"elementor-tab-title-9985\" class=\"elementor-tab-title\" data-tab=\"5\" role=\"button\" aria-controls=\"elementor-tab-content-9985\" aria-expanded=\"false\">\n\t\t\t\t\t\t\t\t\t\t\t\t<span class=\"elementor-toggle-icon elementor-toggle-icon-left\" aria-hidden=\"true\">\n\t\t\t\t\t\t\t\t\t\t\t\t\t\t\t<span class=\"elementor-toggle-icon-closed\"><i class=\"fas fa-caret-right\"><\/i><\/span>\n\t\t\t\t\t\t\t\t<span class=\"elementor-toggle-icon-opened\"><i class=\"elementor-toggle-icon-opened fas fa-caret-up\"><\/i><\/span>\n\t\t\t\t\t\t\t\t\t\t\t\t\t<\/span>\n\t\t\t\t\t\t\t\t\t\t\t\t<a class=\"elementor-toggle-title\" tabindex=\"0\">Can you go for health examinations with a permanent bracelet? <\/a>\n\t\t\t\t\t<\/div>\n\n\t\t\t\t\t<div id=\"elementor-tab-content-9985\" class=\"elementor-tab-content elementor-clearfix\" data-tab=\"5\" role=\"region\" aria-labelledby=\"elementor-tab-title-9985\"><p><span style=\"font-weight: 400;\">Yes and no! You can go to all health examinations with the S\u00c4RA chain (ultrasound, stress tests, etc.), but there are a few health examinations where you are not allowed to wear any chain or jewelry - magnetic resonance imaging or MRI examination and in certain cases also X-ray.<\/span><\/p><\/div>\n\t\t\t\t<\/div>\n\t\t\t\t\t\t\t<div class=\"elementor-toggle-item\">\n\t\t\t\t\t<div id=\"elementor-tab-title-9986\" class=\"elementor-tab-title\" data-tab=\"6\" role=\"button\" aria-controls=\"elementor-tab-content-9986\" aria-expanded=\"false\">\n\t\t\t\t\t\t\t\t\t\t\t\t<span class=\"elementor-toggle-icon elementor-toggle-icon-left\" aria-hidden=\"true\">\n\t\t\t\t\t\t\t\t\t\t\t\t\t\t\t<span class=\"elementor-toggle-icon-closed\"><i class=\"fas fa-caret-right\"><\/i><\/span>\n\t\t\t\t\t\t\t\t<span class=\"elementor-toggle-icon-opened\"><i class=\"elementor-toggle-icon-opened fas fa-caret-up\"><\/i><\/span>\n\t\t\t\t\t\t\t\t\t\t\t\t\t<\/span>\n\t\t\t\t\t\t\t\t\t\t\t\t<a class=\"elementor-toggle-title\" tabindex=\"0\">Can you bring your own chain and have it permanently attached? <\/a>\n\t\t\t\t\t<\/div>\n\n\t\t\t\t\t<div id=\"elementor-tab-content-9986\" class=\"elementor-tab-content elementor-clearfix\" data-tab=\"6\" role=\"region\" aria-labelledby=\"elementor-tab-title-9986\"><p><span style=\"font-weight: 400;\">Yes, you can! You can come with your own chain, but before that, we would like to receive a picture of the chain to ensure that our tools are suitable for attaching it.<\/span><\/p><\/div>\n\t\t\t\t<\/div>\n\t\t\t\t\t\t\t<div class=\"elementor-toggle-item\">\n\t\t\t\t\t<div id=\"elementor-tab-title-9987\" class=\"elementor-tab-title\" data-tab=\"7\" role=\"button\" aria-controls=\"elementor-tab-content-9987\" aria-expanded=\"false\">\n\t\t\t\t\t\t\t\t\t\t\t\t<span class=\"elementor-toggle-icon elementor-toggle-icon-left\" aria-hidden=\"true\">\n\t\t\t\t\t\t\t\t\t\t\t\t\t\t\t<span class=\"elementor-toggle-icon-closed\"><i class=\"fas fa-caret-right\"><\/i><\/span>\n\t\t\t\t\t\t\t\t<span class=\"elementor-toggle-icon-opened\"><i class=\"elementor-toggle-icon-opened fas fa-caret-up\"><\/i><\/span>\n\t\t\t\t\t\t\t\t\t\t\t\t\t<\/span>\n\t\t\t\t\t\t\t\t\t\t\t\t<a class=\"elementor-toggle-title\" tabindex=\"0\">Can the chain be made shorter or longer later?<\/a>\n\t\t\t\t\t<\/div>\n\n\t\t\t\t\t<div id=\"elementor-tab-content-9987\" class=\"elementor-tab-content elementor-clearfix\" data-tab=\"7\" role=\"region\" aria-labelledby=\"elementor-tab-title-9987\"><p>To adjust the length of the chain, you can book an appointment on our website.<\/p>\n<p><br><\/p>\n<p>The chain can be shortened later if necessary.<\/p>\n<p>However, we ask the customer to make sure that the chosen chain length is suitable before finally attaching the chain.&nbsp;<span style=\"font-style: inherit; font-weight: inherit; background-color: var( --e-global-color-astglobalcolor2 ); color: var(--ast-global-color-0);\">To extend the chain, the customer can later buy an additional link\/pendant.<\/span><\/p><\/div>\n\t\t\t\t<\/div>\n\t\t\t\t\t\t\t\t<\/div>\n\t\t\t\t\t\t<\/div>\n\t\t\t\t<\/div>\n\t\t\t\t\t<\/div>\n\t\t<\/div>\n\t\t\t\t\t<\/div>\n\t\t<\/section>\n\t\t\t\t<section class=\"elementor-section elementor-top-section elementor-element elementor-element-68cfd4f elementor-section-content-middle elementor-section-boxed elementor-section-height-default elementor-section-height-default\" data-id=\"68cfd4f\" data-element_type=\"section\" data-settings=\"{&quot;background_background&quot;:&quot;classic&quot;}\">\n\t\t\t\t\t\t<div class=\"elementor-container elementor-column-gap-default\">\n\t\t\t\t\t<div class=\"elementor-column elementor-col-100 elementor-top-column elementor-element elementor-element-89870f1 elementor-invisible\" data-id=\"89870f1\" data-element_type=\"column\" data-settings=\"{&quot;animation&quot;:&quot;fadeInUp&quot;}\">\n\t\t\t<div class=\"elementor-widget-wrap elementor-element-populated\">\n\t\t\t\t\t\t<div class=\"elementor-element elementor-element-03d16fc elementor-widget elementor-widget-heading\" data-id=\"03d16fc\" data-element_type=\"widget\" data-widget_type=\"heading.default\">\n\t\t\t\t<div class=\"elementor-widget-container\">\n\t\t\t\t\t<h2 class=\"elementor-heading-title elementor-size-default\">Make yourself a gift<\/h2>\t\t\t\t<\/div>\n\t\t\t\t<\/div>\n\t\t\t\t<div class=\"elementor-element elementor-element-fd89e6e elementor-widget elementor-widget-text-editor\" data-id=\"fd89e6e\" data-element_type=\"widget\" data-widget_type=\"text-editor.default\">\n\t\t\t\t<div class=\"elementor-widget-container\">\n\t\t\t\t\t\t\t\t\t<div class=\"elementor-element elementor-element-766f4712 elementor-widget elementor-widget-text-editor\" data-id=\"766f4712\" data-element_type=\"widget\" data-widget_type=\"text-editor.default\"><div class=\"elementor-widget-container\"><p>A gift that lasts forever<\/p><\/div><\/div>\t\t\t\t\t\t\t\t<\/div>\n\t\t\t\t<\/div>\n\t\t\t\t<div class=\"elementor-element elementor-element-67ec033 elementor-align-center elementor-widget elementor-widget-button\" data-id=\"67ec033\" data-element_type=\"widget\" data-widget_type=\"button.default\">\n\t\t\t\t<div class=\"elementor-widget-container\">\n\t\t\t\t\t\t\t\t\t<div class=\"elementor-button-wrapper\">\n\t\t\t\t\t<a class=\"elementor-button elementor-button-link elementor-size-sm\" href=\"https:\/\/sarajewelry.ee\/en\/ehted\/\">\n\t\t\t\t\t\t<span class=\"elementor-button-content-wrapper\">\n\t\t\t\t\t\t\t\t\t<span class=\"elementor-button-text\">View our jewelry<\/span>\n\t\t\t\t\t<\/span>\n\t\t\t\t\t<\/a>\n\t\t\t\t<\/div>\n\t\t\t\t\t\t\t\t<\/div>\n\t\t\t\t<\/div>\n\t\t\t\t\t<\/div>\n\t\t<\/div>\n\t\t\t\t\t<\/div>\n\t\t<\/section>\n\t\t\t\t<\/div>","protected":false},"excerpt":{"rendered":"<p>kkk Korduma kippuvad k\u00fcsimused Kas kettidel on garantii? Garantii kehtib paigaldusj\u00e4rgse kahe n\u00e4dala jooksul juhtudel, kui: keti kinnitus peaks purunema; kui kett peaks iseeneslikult katkema. Kas p\u00fcsiva k\u00e4eketiga saab k\u00e4ia saunas? Jah, saab! S\u00c4RA ketid on piisavalt \u00f5hukesed ja pidevalt naha vastas, ning see v\u00f5imaldab k\u00e4ia muretult kettidega ka saunas.\u00a0 Kas p\u00fcsiva k\u00e4eketiga tekib probleeme [&hellip;]<\/p>","protected":false},"author":1,"featured_media":0,"parent":0,"menu_order":0,"comment_status":"closed","ping_status":"closed","template":"","meta":{"inline_featured_image":false,"_monsterinsights_skip_tracking":false,"_monsterinsights_sitenote_active":false,"_monsterinsights_sitenote_note":"","_monsterinsights_sitenote_category":0,"site-sidebar-layout":"no-sidebar","site-content-layout":"page-builder","ast-site-content-layout":"full-width-container","site-content-style":"default","site-sidebar-style":"default","ast-global-header-display":"","ast-banner-title-visibility":"","ast-main-header-display":"","ast-hfb-above-header-display":"","ast-hfb-below-header-display":"","ast-hfb-mobile-header-display":"","site-post-title":"disabled","ast-breadcrumbs-content":"","ast-featured-img":"disabled","footer-sml-layout":"","theme-transparent-header-meta":"","adv-header-id-meta":"","stick-header-meta":"","header-above-stick-meta":"","header-main-stick-meta":"","header-below-stick-meta":"","astra-migrate-meta-layouts":"set","ast-page-background-enabled":"default","ast-page-background-meta":{"desktop":{"background-color":"var(--ast-global-color-4)","background-image":"","background-repeat":"repeat","background-position":"center center","background-size":"auto","background-attachment":"scroll","background-type":"","background-media":"","overlay-type":"","overlay-color":"","overlay-opacity":"","overlay-gradient":""},"tablet":{"background-color":"","background-image":"","background-repeat":"repeat","background-position":"center center","background-size":"auto","background-attachment":"scroll","background-type":"","background-media":"","overlay-type":"","overlay-color":"","overlay-opacity":"","overlay-gradient":""},"mobile":{"background-color":"","background-image":"","background-repeat":"repeat","background-position":"center center","background-size":"auto","background-attachment":"scroll","background-type":"","background-media":"","overlay-type":"","overlay-color":"","overlay-opacity":"","overlay-gradient":""}},"ast-content-background-meta":{"desktop":{"background-color":"var(--ast-global-color-5)","background-image":"","background-repeat":"repeat","background-position":"center center","background-size":"auto","background-attachment":"scroll","background-type":"","background-media":"","overlay-type":"","overlay-color":"","overlay-opacity":"","overlay-gradient":""},"tablet":{"background-color":"var(--ast-global-color-5)","background-image":"","background-repeat":"repeat","background-position":"center center","background-size":"auto","background-attachment":"scroll","background-type":"","background-media":"","overlay-type":"","overlay-color":"","overlay-opacity":"","overlay-gradient":""},"mobile":{"background-color":"var(--ast-global-color-5)","background-image":"","background-repeat":"repeat","background-position":"center center","background-size":"auto","background-attachment":"scroll","background-type":"","background-media":"","overlay-type":"","overlay-color":"","overlay-opacity":"","overlay-gradient":""}},"_themeisle_gutenberg_block_has_review":false,"footnotes":""},"class_list":["post-3446","page","type-page","status-publish","hentry"],"yoast_head":"<!-- This site is optimized with the Yoast SEO plugin v25.2 - https:\/\/yoast.com\/wordpress\/plugins\/seo\/ -->\n<title>KKK - S\u00e4ra Jewelry<\/title>\n<meta name=\"robots\" content=\"index, follow, max-snippet:-1, max-image-preview:large, max-video-preview:-1\" \/>\n<link rel=\"canonical\" href=\"https:\/\/sarajewelry.ee\/en\/korduma-kyppuvad-kysimused\/\" \/>\n<meta property=\"og:locale\" content=\"en_GB\" \/>\n<meta property=\"og:type\" content=\"article\" \/>\n<meta property=\"og:title\" content=\"KKK - S\u00e4ra Jewelry\" \/>\n<meta property=\"og:description\" content=\"kkk Korduma kippuvad k\u00fcsimused Kas kettidel on garantii? Garantii kehtib paigaldusj\u00e4rgse kahe n\u00e4dala jooksul juhtudel, kui: keti kinnitus peaks purunema; kui kett peaks iseeneslikult katkema. Kas p\u00fcsiva k\u00e4eketiga saab k\u00e4ia saunas? Jah, saab! S\u00c4RA ketid on piisavalt \u00f5hukesed ja pidevalt naha vastas, ning see v\u00f5imaldab k\u00e4ia muretult kettidega ka saunas.\u00a0 Kas p\u00fcsiva k\u00e4eketiga tekib probleeme [&hellip;]\" \/>\n<meta property=\"og:url\" content=\"https:\/\/sarajewelry.ee\/en\/korduma-kyppuvad-kysimused\/\" \/>\n<meta property=\"og:site_name\" content=\"S\u00e4ra Jewelry\" \/>\n<meta property=\"article:publisher\" content=\"https:\/\/www.facebook.com\/profile.php?id=100091880882542\" \/>\n<meta property=\"article:modified_time\" content=\"2024-09-25T21:20:44+00:00\" \/>\n<meta property=\"og:image\" content=\"https:\/\/sarajewelry.ee\/wp-content\/uploads\/2023\/05\/favicon.png\" \/>\n\t<meta property=\"og:image:width\" content=\"1024\" \/>\n\t<meta property=\"og:image:height\" content=\"1024\" \/>\n\t<meta property=\"og:image:type\" content=\"image\/png\" \/>\n<meta name=\"twitter:card\" content=\"summary_large_image\" \/>\n<meta name=\"twitter:label1\" content=\"Estimated reading time\" \/>\n\t<meta name=\"twitter:data1\" content=\"1 minute\" \/>\n<script type=\"application\/ld+json\" class=\"yoast-schema-graph\">{\"@context\":\"https:\/\/schema.org\",\"@graph\":[{\"@type\":\"WebPage\",\"@id\":\"https:\/\/sarajewelry.ee\/korduma-kyppuvad-kysimused\/\",\"url\":\"https:\/\/sarajewelry.ee\/korduma-kyppuvad-kysimused\/\",\"name\":\"KKK - S\u00e4ra Jewelry\",\"isPartOf\":{\"@id\":\"https:\/\/sarajewelry.ee\/#website\"},\"datePublished\":\"2024-03-02T12:11:07+00:00\",\"dateModified\":\"2024-09-25T21:20:44+00:00\",\"breadcrumb\":{\"@id\":\"https:\/\/sarajewelry.ee\/korduma-kyppuvad-kysimused\/#breadcrumb\"},\"inLanguage\":\"en-GB\",\"potentialAction\":[{\"@type\":\"ReadAction\",\"target\":[\"https:\/\/sarajewelry.ee\/korduma-kyppuvad-kysimused\/\"]}]},{\"@type\":\"BreadcrumbList\",\"@id\":\"https:\/\/sarajewelry.ee\/korduma-kyppuvad-kysimused\/#breadcrumb\",\"itemListElement\":[{\"@type\":\"ListItem\",\"position\":1,\"name\":\"Home\",\"item\":\"https:\/\/sarajewelry.ee\/\"},{\"@type\":\"ListItem\",\"position\":2,\"name\":\"KKK\"}]},{\"@type\":\"WebSite\",\"@id\":\"https:\/\/sarajewelry.ee\/#website\",\"url\":\"https:\/\/sarajewelry.ee\/\",\"name\":\"S\u00e4ra Jewelry\",\"description\":\"Permanent jewelry\",\"publisher\":{\"@id\":\"https:\/\/sarajewelry.ee\/#organization\"},\"alternateName\":\"S\u00e4ra\",\"potentialAction\":[{\"@type\":\"SearchAction\",\"target\":{\"@type\":\"EntryPoint\",\"urlTemplate\":\"https:\/\/sarajewelry.ee\/?s={search_term_string}\"},\"query-input\":{\"@type\":\"PropertyValueSpecification\",\"valueRequired\":true,\"valueName\":\"search_term_string\"}}],\"inLanguage\":\"en-GB\"},{\"@type\":\"Organization\",\"@id\":\"https:\/\/sarajewelry.ee\/#organization\",\"name\":\"S\u00e4ra Jewelry\",\"alternateName\":\"S\u00e4ra\",\"url\":\"https:\/\/sarajewelry.ee\/\",\"logo\":{\"@type\":\"ImageObject\",\"inLanguage\":\"en-GB\",\"@id\":\"https:\/\/sarajewelry.ee\/#\/schema\/logo\/image\/\",\"url\":\"https:\/\/sarajewelry.ee\/wp-content\/uploads\/2023\/05\/favicon.png\",\"contentUrl\":\"https:\/\/sarajewelry.ee\/wp-content\/uploads\/2023\/05\/favicon.png\",\"width\":1024,\"height\":1024,\"caption\":\"S\u00e4ra Jewelry\"},\"image\":{\"@id\":\"https:\/\/sarajewelry.ee\/#\/schema\/logo\/image\/\"},\"sameAs\":[\"https:\/\/www.facebook.com\/profile.php?id=100091880882542\",\"https:\/\/www.instagram.com\/sara.eesti\/\"]}]}<\/script>\n<!-- \/ Yoast SEO plugin. -->","yoast_head_json":{"title":"KKK - S\u00e4ra Jewelry","robots":{"index":"index","follow":"follow","max-snippet":"max-snippet:-1","max-image-preview":"max-image-preview:large","max-video-preview":"max-video-preview:-1"},"canonical":"https:\/\/sarajewelry.ee\/en\/korduma-kyppuvad-kysimused\/","og_locale":"en_GB","og_type":"article","og_title":"KKK - S\u00e4ra Jewelry","og_description":"kkk Korduma kippuvad k\u00fcsimused Kas kettidel on garantii? Garantii kehtib paigaldusj\u00e4rgse kahe n\u00e4dala jooksul juhtudel, kui: keti kinnitus peaks purunema; kui kett peaks iseeneslikult katkema. Kas p\u00fcsiva k\u00e4eketiga saab k\u00e4ia saunas? Jah, saab! S\u00c4RA ketid on piisavalt \u00f5hukesed ja pidevalt naha vastas, ning see v\u00f5imaldab k\u00e4ia muretult kettidega ka saunas.\u00a0 Kas p\u00fcsiva k\u00e4eketiga tekib probleeme [&hellip;]","og_url":"https:\/\/sarajewelry.ee\/en\/korduma-kyppuvad-kysimused\/","og_site_name":"S\u00e4ra Jewelry","article_publisher":"https:\/\/www.facebook.com\/profile.php?id=100091880882542","article_modified_time":"2024-09-25T21:20:44+00:00","og_image":[{"width":1024,"height":1024,"url":"https:\/\/sarajewelry.ee\/wp-content\/uploads\/2023\/05\/favicon.png","type":"image\/png"}],"twitter_card":"summary_large_image","twitter_misc":{"Estimated reading time":"1 minute"},"schema":{"@context":"https:\/\/schema.org","@graph":[{"@type":"WebPage","@id":"https:\/\/sarajewelry.ee\/korduma-kyppuvad-kysimused\/","url":"https:\/\/sarajewelry.ee\/korduma-kyppuvad-kysimused\/","name":"KKK - S\u00e4ra Jewelry","isPartOf":{"@id":"https:\/\/sarajewelry.ee\/#website"},"datePublished":"2024-03-02T12:11:07+00:00","dateModified":"2024-09-25T21:20:44+00:00","breadcrumb":{"@id":"https:\/\/sarajewelry.ee\/korduma-kyppuvad-kysimused\/#breadcrumb"},"inLanguage":"en-GB","potentialAction":[{"@type":"ReadAction","target":["https:\/\/sarajewelry.ee\/korduma-kyppuvad-kysimused\/"]}]},{"@type":"BreadcrumbList","@id":"https:\/\/sarajewelry.ee\/korduma-kyppuvad-kysimused\/#breadcrumb","itemListElement":[{"@type":"ListItem","position":1,"name":"Home","item":"https:\/\/sarajewelry.ee\/"},{"@type":"ListItem","position":2,"name":"KKK"}]},{"@type":"WebSite","@id":"https:\/\/sarajewelry.ee\/#website","url":"https:\/\/sarajewelry.ee\/","name":"S\u00e4ra Jewelry","description":"Permanent jewelry","publisher":{"@id":"https:\/\/sarajewelry.ee\/#organization"},"alternateName":"S\u00e4ra","potentialAction":[{"@type":"SearchAction","target":{"@type":"EntryPoint","urlTemplate":"https:\/\/sarajewelry.ee\/?s={search_term_string}"},"query-input":{"@type":"PropertyValueSpecification","valueRequired":true,"valueName":"search_term_string"}}],"inLanguage":"en-GB"},{"@type":"Organization","@id":"https:\/\/sarajewelry.ee\/#organization","name":"S\u00e4ra Jewelry","alternateName":"S\u00e4ra","url":"https:\/\/sarajewelry.ee\/","logo":{"@type":"ImageObject","inLanguage":"en-GB","@id":"https:\/\/sarajewelry.ee\/#\/schema\/logo\/image\/","url":"https:\/\/sarajewelry.ee\/wp-content\/uploads\/2023\/05\/favicon.png","contentUrl":"https:\/\/sarajewelry.ee\/wp-content\/uploads\/2023\/05\/favicon.png","width":1024,"height":1024,"caption":"S\u00e4ra Jewelry"},"image":{"@id":"https:\/\/sarajewelry.ee\/#\/schema\/logo\/image\/"},"sameAs":["https:\/\/www.facebook.com\/profile.php?id=100091880882542","https:\/\/www.instagram.com\/sara.eesti\/"]}]}},"_links":{"self":[{"href":"https:\/\/sarajewelry.ee\/en\/wp-json\/wp\/v2\/pages\/3446","targetHints":{"allow":["GET"]}}],"collection":[{"href":"https:\/\/sarajewelry.ee\/en\/wp-json\/wp\/v2\/pages"}],"about":[{"href":"https:\/\/sarajewelry.ee\/en\/wp-json\/wp\/v2\/types\/page"}],"author":[{"embeddable":true,"href":"https:\/\/sarajewelry.ee\/en\/wp-json\/wp\/v2\/users\/1"}],"replies":[{"embeddable":true,"href":"https:\/\/sarajewelry.ee\/en\/wp-json\/wp\/v2\/comments?post=3446"}],"version-history":[{"count":22,"href":"https:\/\/sarajewelry.ee\/en\/wp-json\/wp\/v2\/pages\/3446\/revisions"}],"predecessor-version":[{"id":4116,"href":"https:\/\/sarajewelry.ee\/en\/wp-json\/wp\/v2\/pages\/3446\/revisions\/4116"}],"wp:attachment":[{"href":"https:\/\/sarajewelry.ee\/en\/wp-json\/wp\/v2\/media?parent=3446"}],"curies":[{"name":"wp","href":"https:\/\/api.w.org\/{rel}","templated":true}]}}