{"id":2687,"date":"2023-05-16T19:38:47","date_gmt":"2023-05-16T19:38:47","guid":{"rendered":"https:\/\/sarajewelry.ee\/?page_id=2687"},"modified":"2024-09-26T00:35:05","modified_gmt":"2024-09-25T21:35:05","slug":"paigaldus","status":"publish","type":"page","link":"https:\/\/sarajewelry.ee\/en\/paigaldus\/","title":{"rendered":"Placement"},"content":{"rendered":"<div data-elementor-type=\"wp-page\" data-elementor-id=\"2687\" class=\"elementor elementor-2687\">\n\t\t\t\t\t\t<section class=\"elementor-section elementor-top-section elementor-element elementor-element-2f8eb4b elementor-section-height-min-height elementor-section-boxed elementor-section-height-default elementor-section-items-middle\" data-id=\"2f8eb4b\" data-element_type=\"section\" data-settings=\"{&quot;background_background&quot;:&quot;classic&quot;}\">\n\t\t\t\t\t\t<div class=\"elementor-container elementor-column-gap-default\">\n\t\t\t\t\t<div class=\"elementor-column elementor-col-100 elementor-top-column elementor-element elementor-element-1c73aa4\" data-id=\"1c73aa4\" data-element_type=\"column\">\n\t\t\t<div class=\"elementor-widget-wrap elementor-element-populated\">\n\t\t\t\t\t\t<div class=\"elementor-element elementor-element-a7bce92 elementor-invisible elementor-widget elementor-widget-heading\" data-id=\"a7bce92\" data-element_type=\"widget\" data-settings=\"{&quot;_animation&quot;:&quot;fadeIn&quot;}\" data-widget_type=\"heading.default\">\n\t\t\t\t<div class=\"elementor-widget-container\">\n\t\t\t\t\t<h1 class=\"elementor-heading-title elementor-size-default\">Placement<\/h1>\t\t\t\t<\/div>\n\t\t\t\t<\/div>\n\t\t\t\t\t<\/div>\n\t\t<\/div>\n\t\t\t\t\t<\/div>\n\t\t<\/section>\n\t\t\t\t<section class=\"elementor-section elementor-top-section elementor-element elementor-element-6208ea4 elementor-section-boxed elementor-section-height-default elementor-section-height-default elementor-invisible\" data-id=\"6208ea4\" data-element_type=\"section\" data-settings=\"{&quot;animation&quot;:&quot;fadeIn&quot;}\">\n\t\t\t\t\t\t<div class=\"elementor-container elementor-column-gap-default\">\n\t\t\t\t\t<div class=\"elementor-column elementor-col-50 elementor-top-column elementor-element elementor-element-be5a507\" data-id=\"be5a507\" data-element_type=\"column\">\n\t\t\t<div class=\"elementor-widget-wrap elementor-element-populated\">\n\t\t\t\t\t\t<div class=\"elementor-element elementor-element-b18a88d elementor-widget elementor-widget-image\" data-id=\"b18a88d\" data-element_type=\"widget\" data-widget_type=\"image.default\">\n\t\t\t\t<div class=\"elementor-widget-container\">\n\t\t\t\t\t\t\t\t\t\t\t\t\t\t\t<img fetchpriority=\"high\" decoding=\"async\" width=\"683\" height=\"1024\" src=\"https:\/\/sarajewelry.ee\/wp-content\/uploads\/2023\/05\/keevitus-683x1024.webp\" class=\"attachment-large size-large wp-image-2689\" alt=\"\" srcset=\"https:\/\/sarajewelry.ee\/wp-content\/uploads\/2023\/05\/keevitus-683x1024.webp 683w, https:\/\/sarajewelry.ee\/wp-content\/uploads\/2023\/05\/keevitus-200x300.webp 200w, https:\/\/sarajewelry.ee\/wp-content\/uploads\/2023\/05\/keevitus-768x1152.webp 768w, https:\/\/sarajewelry.ee\/wp-content\/uploads\/2023\/05\/keevitus-600x900.webp 600w, https:\/\/sarajewelry.ee\/wp-content\/uploads\/2023\/05\/keevitus.webp 1000w\" sizes=\"(max-width: 683px) 100vw, 683px\" \/>\t\t\t\t\t\t\t\t\t\t\t\t\t\t\t<\/div>\n\t\t\t\t<\/div>\n\t\t\t\t\t<\/div>\n\t\t<\/div>\n\t\t\t\t<div class=\"elementor-column elementor-col-50 elementor-top-column elementor-element elementor-element-69eea4c\" data-id=\"69eea4c\" data-element_type=\"column\">\n\t\t\t<div class=\"elementor-widget-wrap elementor-element-populated\">\n\t\t\t\t\t\t<div class=\"elementor-element elementor-element-d8c23c0 elementor-widget elementor-widget-heading\" data-id=\"d8c23c0\" data-element_type=\"widget\" data-widget_type=\"heading.default\">\n\t\t\t\t<div class=\"elementor-widget-container\">\n\t\t\t\t\t<h2 class=\"elementor-heading-title elementor-size-default\">How is the bracelet placement done?<\/h2>\t\t\t\t<\/div>\n\t\t\t\t<\/div>\n\t\t\t\t<div class=\"elementor-element elementor-element-22e69b2 elementor-widget elementor-widget-text-editor\" data-id=\"22e69b2\" data-element_type=\"widget\" data-widget_type=\"text-editor.default\">\n\t\t\t\t<div class=\"elementor-widget-container\">\n\t\t\t\t\t\t\t\t\t<p>The entire process lasts up to a maximum of 30 minutes, which includes selecting and measuring the bracelet, as well as welding and finishing touches. The bracelet is installed using a special welding machine, which, with the help of electric current, binds the chain together extremely small but strongly.<\/p>\t\t\t\t\t\t\t\t<\/div>\n\t\t\t\t<\/div>\n\t\t\t\t\t<\/div>\n\t\t<\/div>\n\t\t\t\t\t<\/div>\n\t\t<\/section>\n\t\t\t\t<section class=\"elementor-section elementor-top-section elementor-element elementor-element-ddf4731 elementor-section-boxed elementor-section-height-default elementor-section-height-default\" data-id=\"ddf4731\" data-element_type=\"section\">\n\t\t\t\t\t\t<div class=\"elementor-container elementor-column-gap-default\">\n\t\t\t\t\t<div class=\"elementor-column elementor-col-50 elementor-top-column elementor-element elementor-element-f3bdce8\" data-id=\"f3bdce8\" data-element_type=\"column\">\n\t\t\t<div class=\"elementor-widget-wrap elementor-element-populated\">\n\t\t\t\t\t\t<div class=\"elementor-element elementor-element-8247659 elementor-widget elementor-widget-heading\" data-id=\"8247659\" data-element_type=\"widget\" data-widget_type=\"heading.default\">\n\t\t\t\t<div class=\"elementor-widget-container\">\n\t\t\t\t\t<h2 class=\"elementor-heading-title elementor-size-default\">Booking a bracelet placement<\/h2>\t\t\t\t<\/div>\n\t\t\t\t<\/div>\n\t\t\t\t<div class=\"elementor-element elementor-element-d57c369 elementor-widget elementor-widget-text-editor\" data-id=\"d57c369\" data-element_type=\"widget\" data-widget_type=\"text-editor.default\">\n\t\t\t\t<div class=\"elementor-widget-container\">\n\t\t\t\t\t\t\t\t\t<p>You can schedule an appointment for bracelet installation through our booking form. The installation fee ranges from \u20ac18 to \u20ac54, depending on how many people you wish to book the service for. The cost of the bracelet is additional and can be paid on-site. You can view bracelet prices on the <a class=\"paigaldus-link\" href=\"https:\/\/sarajewelry.ee\/en\/ehted\/\">\"Jewelry\"<\/a> page.<\/p>\n<p>&nbsp;<\/p>\n<p>Here's how to fill out the booking form:<\/p>\n<ul>\n<li>Choose the number of people coming in for bracelet placement.<\/li>\n<li>Select a suitable date and time for the placement. If there are no available slots, please revisit our website later as we periodically add more available times.<\/li>\n<li>Enter your contact information and the names of the bracelets you're interested in. Please make sure to check if your desired jewelry is currently available. You can do this on the <a class=\"paigaldus-link\" href=\"https:\/\/sarajewelry.ee\/en\/ehted\/\">\"Jewelry\"<\/a> page by selecting the product from the list.<\/li>\n<li>You'll be redirected to the payment page. You can pay using a credit card or bank transfer. If you have a discount code, you can enter it on the payment page.<\/li>\n<li>Once the payment is complete, your bracelet placement booking will be confirmed. The booking details will also be sent to your email.<\/li>\n<\/ul>\n<div>Upon arrival, you can also choose a different bracelet from the ones selected in your booking, depending on the availability of our current stock.<\/div>\t\t\t\t\t\t\t\t<\/div>\n\t\t\t\t<\/div>\n\t\t\t\t\t<\/div>\n\t\t<\/div>\n\t\t\t\t<div class=\"elementor-column elementor-col-50 elementor-top-column elementor-element elementor-element-b5a0417\" data-id=\"b5a0417\" data-element_type=\"column\">\n\t\t\t<div class=\"elementor-widget-wrap elementor-element-populated\">\n\t\t\t\t\t\t<div class=\"elementor-element elementor-element-c070e28 elementor-widget elementor-widget-image\" data-id=\"c070e28\" data-element_type=\"widget\" data-widget_type=\"image.default\">\n\t\t\t\t<div class=\"elementor-widget-container\">\n\t\t\t\t\t\t\t\t\t\t\t\t\t\t\t<img decoding=\"async\" width=\"683\" height=\"1024\" src=\"https:\/\/sarajewelry.ee\/wp-content\/uploads\/2023\/05\/kaeketid-683x1024.webp\" class=\"attachment-large size-large wp-image-2693\" alt=\"\" srcset=\"https:\/\/sarajewelry.ee\/wp-content\/uploads\/2023\/05\/kaeketid-683x1024.webp 683w, https:\/\/sarajewelry.ee\/wp-content\/uploads\/2023\/05\/kaeketid-200x300.webp 200w, https:\/\/sarajewelry.ee\/wp-content\/uploads\/2023\/05\/kaeketid-768x1152.webp 768w, https:\/\/sarajewelry.ee\/wp-content\/uploads\/2023\/05\/kaeketid-600x900.webp 600w, https:\/\/sarajewelry.ee\/wp-content\/uploads\/2023\/05\/kaeketid.webp 1000w\" sizes=\"(max-width: 683px) 100vw, 683px\" \/>\t\t\t\t\t\t\t\t\t\t\t\t\t\t\t<\/div>\n\t\t\t\t<\/div>\n\t\t\t\t\t<\/div>\n\t\t<\/div>\n\t\t\t\t\t<\/div>\n\t\t<\/section>\n\t\t\t\t<section class=\"elementor-section elementor-top-section elementor-element elementor-element-95844bb elementor-section-content-middle elementor-section-boxed elementor-section-height-default elementor-section-height-default\" data-id=\"95844bb\" data-element_type=\"section\" data-settings=\"{&quot;background_background&quot;:&quot;classic&quot;}\">\n\t\t\t\t\t\t<div class=\"elementor-container elementor-column-gap-default\">\n\t\t\t\t\t<div class=\"elementor-column elementor-col-100 elementor-top-column elementor-element elementor-element-0a5297e elementor-invisible\" data-id=\"0a5297e\" data-element_type=\"column\" data-settings=\"{&quot;animation&quot;:&quot;fadeInUp&quot;}\">\n\t\t\t<div class=\"elementor-widget-wrap elementor-element-populated\">\n\t\t\t\t\t\t<div class=\"elementor-element elementor-element-8d10782 elementor-widget elementor-widget-heading\" data-id=\"8d10782\" data-element_type=\"widget\" data-widget_type=\"heading.default\">\n\t\t\t\t<div class=\"elementor-widget-container\">\n\t\t\t\t\t<h2 class=\"elementor-heading-title elementor-size-default\">Make yourself a gift<\/h2>\t\t\t\t<\/div>\n\t\t\t\t<\/div>\n\t\t\t\t<div class=\"elementor-element elementor-element-20e7d94 elementor-widget elementor-widget-text-editor\" data-id=\"20e7d94\" data-element_type=\"widget\" data-widget_type=\"text-editor.default\">\n\t\t\t\t<div class=\"elementor-widget-container\">\n\t\t\t\t\t\t\t\t\t<div class=\"elementor-element elementor-element-766f4712 elementor-widget elementor-widget-text-editor\" data-id=\"766f4712\" data-element_type=\"widget\" data-widget_type=\"text-editor.default\"><div class=\"elementor-widget-container\"><p>A gift that lasts forever<\/p><\/div><\/div>\t\t\t\t\t\t\t\t<\/div>\n\t\t\t\t<\/div>\n\t\t\t\t<div class=\"elementor-element elementor-element-9dd3b46 elementor-align-center elementor-widget elementor-widget-button\" data-id=\"9dd3b46\" data-element_type=\"widget\" data-widget_type=\"button.default\">\n\t\t\t\t<div class=\"elementor-widget-container\">\n\t\t\t\t\t\t\t\t\t<div class=\"elementor-button-wrapper\">\n\t\t\t\t\t<a class=\"elementor-button elementor-button-link elementor-size-sm\" href=\"https:\/\/sarajewelry.ee\/en\/ehted\/\">\n\t\t\t\t\t\t<span class=\"elementor-button-content-wrapper\">\n\t\t\t\t\t\t\t\t\t<span class=\"elementor-button-text\">View our jewelry<\/span>\n\t\t\t\t\t<\/span>\n\t\t\t\t\t<\/a>\n\t\t\t\t<\/div>\n\t\t\t\t\t\t\t\t<\/div>\n\t\t\t\t<\/div>\n\t\t\t\t\t<\/div>\n\t\t<\/div>\n\t\t\t\t\t<\/div>\n\t\t<\/section>\n\t\t\t\t<\/div>","protected":false},"excerpt":{"rendered":"<p>paigaldus Kuidas toimub k\u00e4eketi paigaldus? Kogu protsessi pikkus ulatub maksimaalselt 30 minutini, mis h\u00f5lmab k\u00e4eketi valikut ja m\u00f5\u00f5tmist ning paigaldust ja l\u00f5ppviimistlust. K\u00e4ekett paigaldatakse spetsiaalse keevitusmasina abil, mis elektrivoolu toel imepisikeselt aga tugevalt keti kokku seob. K\u00e4eketi paigalduse broneerimine K\u00e4eketi paigalduseks saate aja panna l\u00e4bi meie broneerimisvormi. Paigalduse tasu on 18\u20ac-54\u20ac olenevalt sellest, mitmele inimesele [&hellip;]<\/p>","protected":false},"author":1,"featured_media":0,"parent":0,"menu_order":0,"comment_status":"closed","ping_status":"closed","template":"","meta":{"inline_featured_image":false,"_monsterinsights_skip_tracking":false,"_monsterinsights_sitenote_active":false,"_monsterinsights_sitenote_note":"","_monsterinsights_sitenote_category":0,"site-sidebar-layout":"no-sidebar","site-content-layout":"page-builder","ast-site-content-layout":"","site-content-style":"default","site-sidebar-style":"default","ast-global-header-display":"","ast-banner-title-visibility":"","ast-main-header-display":"","ast-hfb-above-header-display":"","ast-hfb-below-header-display":"","ast-hfb-mobile-header-display":"","site-post-title":"disabled","ast-breadcrumbs-content":"","ast-featured-img":"disabled","footer-sml-layout":"","theme-transparent-header-meta":"","adv-header-id-meta":"","stick-header-meta":"","header-above-stick-meta":"","header-main-stick-meta":"","header-below-stick-meta":"","astra-migrate-meta-layouts":"default","ast-page-background-enabled":"default","ast-page-background-meta":{"desktop":{"background-color":"var(--ast-global-color-4)","background-image":"","background-repeat":"repeat","background-position":"center center","background-size":"auto","background-attachment":"scroll","background-type":"","background-media":"","overlay-type":"","overlay-color":"","overlay-opacity":"","overlay-gradient":""},"tablet":{"background-color":"","background-image":"","background-repeat":"repeat","background-position":"center center","background-size":"auto","background-attachment":"scroll","background-type":"","background-media":"","overlay-type":"","overlay-color":"","overlay-opacity":"","overlay-gradient":""},"mobile":{"background-color":"","background-image":"","background-repeat":"repeat","background-position":"center center","background-size":"auto","background-attachment":"scroll","background-type":"","background-media":"","overlay-type":"","overlay-color":"","overlay-opacity":"","overlay-gradient":""}},"ast-content-background-meta":{"desktop":{"background-color":"var(--ast-global-color-5)","background-image":"","background-repeat":"repeat","background-position":"center center","background-size":"auto","background-attachment":"scroll","background-type":"","background-media":"","overlay-type":"","overlay-color":"","overlay-opacity":"","overlay-gradient":""},"tablet":{"background-color":"var(--ast-global-color-5)","background-image":"","background-repeat":"repeat","background-position":"center center","background-size":"auto","background-attachment":"scroll","background-type":"","background-media":"","overlay-type":"","overlay-color":"","overlay-opacity":"","overlay-gradient":""},"mobile":{"background-color":"var(--ast-global-color-5)","background-image":"","background-repeat":"repeat","background-position":"center center","background-size":"auto","background-attachment":"scroll","background-type":"","background-media":"","overlay-type":"","overlay-color":"","overlay-opacity":"","overlay-gradient":""}},"_themeisle_gutenberg_block_has_review":false,"footnotes":""},"class_list":["post-2687","page","type-page","status-publish","hentry"],"yoast_head":"<!-- This site is optimized with the Yoast SEO plugin v25.2 - https:\/\/yoast.com\/wordpress\/plugins\/seo\/ -->\n<title>Paigaldus - S\u00e4ra Jewelry<\/title>\n<meta name=\"robots\" content=\"index, follow, max-snippet:-1, max-image-preview:large, max-video-preview:-1\" \/>\n<link rel=\"canonical\" href=\"https:\/\/sarajewelry.ee\/en\/paigaldus\/\" \/>\n<meta property=\"og:locale\" content=\"en_GB\" \/>\n<meta property=\"og:type\" content=\"article\" \/>\n<meta property=\"og:title\" content=\"Paigaldus - S\u00e4ra Jewelry\" \/>\n<meta property=\"og:description\" content=\"paigaldus Kuidas toimub k\u00e4eketi paigaldus? Kogu protsessi pikkus ulatub maksimaalselt 30 minutini, mis h\u00f5lmab k\u00e4eketi valikut ja m\u00f5\u00f5tmist ning paigaldust ja l\u00f5ppviimistlust. K\u00e4ekett paigaldatakse spetsiaalse keevitusmasina abil, mis elektrivoolu toel imepisikeselt aga tugevalt keti kokku seob. K\u00e4eketi paigalduse broneerimine K\u00e4eketi paigalduseks saate aja panna l\u00e4bi meie broneerimisvormi. Paigalduse tasu on 18\u20ac-54\u20ac olenevalt sellest, mitmele inimesele [&hellip;]\" \/>\n<meta property=\"og:url\" content=\"https:\/\/sarajewelry.ee\/en\/paigaldus\/\" \/>\n<meta property=\"og:site_name\" content=\"S\u00e4ra Jewelry\" \/>\n<meta property=\"article:publisher\" content=\"https:\/\/www.facebook.com\/profile.php?id=100091880882542\" \/>\n<meta property=\"article:modified_time\" content=\"2024-09-25T21:35:05+00:00\" \/>\n<meta property=\"og:image\" content=\"https:\/\/sarajewelry.ee\/wp-content\/uploads\/2023\/05\/keevitus-683x1024.webp\" \/>\n<meta name=\"twitter:card\" content=\"summary_large_image\" \/>\n<meta name=\"twitter:label1\" content=\"Estimated reading time\" \/>\n\t<meta name=\"twitter:data1\" content=\"2 minutes\" \/>\n<script type=\"application\/ld+json\" class=\"yoast-schema-graph\">{\"@context\":\"https:\/\/schema.org\",\"@graph\":[{\"@type\":\"WebPage\",\"@id\":\"https:\/\/sarajewelry.ee\/paigaldus\/\",\"url\":\"https:\/\/sarajewelry.ee\/paigaldus\/\",\"name\":\"Paigaldus - S\u00e4ra Jewelry\",\"isPartOf\":{\"@id\":\"https:\/\/sarajewelry.ee\/#website\"},\"primaryImageOfPage\":{\"@id\":\"https:\/\/sarajewelry.ee\/paigaldus\/#primaryimage\"},\"image\":{\"@id\":\"https:\/\/sarajewelry.ee\/paigaldus\/#primaryimage\"},\"thumbnailUrl\":\"https:\/\/sarajewelry.ee\/wp-content\/uploads\/2023\/05\/keevitus-683x1024.webp\",\"datePublished\":\"2023-05-16T19:38:47+00:00\",\"dateModified\":\"2024-09-25T21:35:05+00:00\",\"breadcrumb\":{\"@id\":\"https:\/\/sarajewelry.ee\/paigaldus\/#breadcrumb\"},\"inLanguage\":\"en-GB\",\"potentialAction\":[{\"@type\":\"ReadAction\",\"target\":[\"https:\/\/sarajewelry.ee\/paigaldus\/\"]}]},{\"@type\":\"ImageObject\",\"inLanguage\":\"en-GB\",\"@id\":\"https:\/\/sarajewelry.ee\/paigaldus\/#primaryimage\",\"url\":\"https:\/\/sarajewelry.ee\/wp-content\/uploads\/2023\/05\/keevitus-683x1024.webp\",\"contentUrl\":\"https:\/\/sarajewelry.ee\/wp-content\/uploads\/2023\/05\/keevitus-683x1024.webp\"},{\"@type\":\"BreadcrumbList\",\"@id\":\"https:\/\/sarajewelry.ee\/paigaldus\/#breadcrumb\",\"itemListElement\":[{\"@type\":\"ListItem\",\"position\":1,\"name\":\"Home\",\"item\":\"https:\/\/sarajewelry.ee\/\"},{\"@type\":\"ListItem\",\"position\":2,\"name\":\"Paigaldus\"}]},{\"@type\":\"WebSite\",\"@id\":\"https:\/\/sarajewelry.ee\/#website\",\"url\":\"https:\/\/sarajewelry.ee\/\",\"name\":\"S\u00e4ra Jewelry\",\"description\":\"Permanent jewelry\",\"publisher\":{\"@id\":\"https:\/\/sarajewelry.ee\/#organization\"},\"alternateName\":\"S\u00e4ra\",\"potentialAction\":[{\"@type\":\"SearchAction\",\"target\":{\"@type\":\"EntryPoint\",\"urlTemplate\":\"https:\/\/sarajewelry.ee\/?s={search_term_string}\"},\"query-input\":{\"@type\":\"PropertyValueSpecification\",\"valueRequired\":true,\"valueName\":\"search_term_string\"}}],\"inLanguage\":\"en-GB\"},{\"@type\":\"Organization\",\"@id\":\"https:\/\/sarajewelry.ee\/#organization\",\"name\":\"S\u00e4ra Jewelry\",\"alternateName\":\"S\u00e4ra\",\"url\":\"https:\/\/sarajewelry.ee\/\",\"logo\":{\"@type\":\"ImageObject\",\"inLanguage\":\"en-GB\",\"@id\":\"https:\/\/sarajewelry.ee\/#\/schema\/logo\/image\/\",\"url\":\"https:\/\/sarajewelry.ee\/wp-content\/uploads\/2023\/05\/favicon.png\",\"contentUrl\":\"https:\/\/sarajewelry.ee\/wp-content\/uploads\/2023\/05\/favicon.png\",\"width\":1024,\"height\":1024,\"caption\":\"S\u00e4ra Jewelry\"},\"image\":{\"@id\":\"https:\/\/sarajewelry.ee\/#\/schema\/logo\/image\/\"},\"sameAs\":[\"https:\/\/www.facebook.com\/profile.php?id=100091880882542\",\"https:\/\/www.instagram.com\/sara.eesti\/\"]}]}<\/script>\n<!-- \/ Yoast SEO plugin. -->","yoast_head_json":{"title":"Paigaldus - S\u00e4ra Jewelry","robots":{"index":"index","follow":"follow","max-snippet":"max-snippet:-1","max-image-preview":"max-image-preview:large","max-video-preview":"max-video-preview:-1"},"canonical":"https:\/\/sarajewelry.ee\/en\/paigaldus\/","og_locale":"en_GB","og_type":"article","og_title":"Paigaldus - S\u00e4ra Jewelry","og_description":"paigaldus Kuidas toimub k\u00e4eketi paigaldus? Kogu protsessi pikkus ulatub maksimaalselt 30 minutini, mis h\u00f5lmab k\u00e4eketi valikut ja m\u00f5\u00f5tmist ning paigaldust ja l\u00f5ppviimistlust. K\u00e4ekett paigaldatakse spetsiaalse keevitusmasina abil, mis elektrivoolu toel imepisikeselt aga tugevalt keti kokku seob. K\u00e4eketi paigalduse broneerimine K\u00e4eketi paigalduseks saate aja panna l\u00e4bi meie broneerimisvormi. Paigalduse tasu on 18\u20ac-54\u20ac olenevalt sellest, mitmele inimesele [&hellip;]","og_url":"https:\/\/sarajewelry.ee\/en\/paigaldus\/","og_site_name":"S\u00e4ra Jewelry","article_publisher":"https:\/\/www.facebook.com\/profile.php?id=100091880882542","article_modified_time":"2024-09-25T21:35:05+00:00","og_image":[{"url":"https:\/\/sarajewelry.ee\/wp-content\/uploads\/2023\/05\/keevitus-683x1024.webp","type":"","width":"","height":""}],"twitter_card":"summary_large_image","twitter_misc":{"Estimated reading time":"2 minutes"},"schema":{"@context":"https:\/\/schema.org","@graph":[{"@type":"WebPage","@id":"https:\/\/sarajewelry.ee\/paigaldus\/","url":"https:\/\/sarajewelry.ee\/paigaldus\/","name":"Paigaldus - S\u00e4ra Jewelry","isPartOf":{"@id":"https:\/\/sarajewelry.ee\/#website"},"primaryImageOfPage":{"@id":"https:\/\/sarajewelry.ee\/paigaldus\/#primaryimage"},"image":{"@id":"https:\/\/sarajewelry.ee\/paigaldus\/#primaryimage"},"thumbnailUrl":"https:\/\/sarajewelry.ee\/wp-content\/uploads\/2023\/05\/keevitus-683x1024.webp","datePublished":"2023-05-16T19:38:47+00:00","dateModified":"2024-09-25T21:35:05+00:00","breadcrumb":{"@id":"https:\/\/sarajewelry.ee\/paigaldus\/#breadcrumb"},"inLanguage":"en-GB","potentialAction":[{"@type":"ReadAction","target":["https:\/\/sarajewelry.ee\/paigaldus\/"]}]},{"@type":"ImageObject","inLanguage":"en-GB","@id":"https:\/\/sarajewelry.ee\/paigaldus\/#primaryimage","url":"https:\/\/sarajewelry.ee\/wp-content\/uploads\/2023\/05\/keevitus-683x1024.webp","contentUrl":"https:\/\/sarajewelry.ee\/wp-content\/uploads\/2023\/05\/keevitus-683x1024.webp"},{"@type":"BreadcrumbList","@id":"https:\/\/sarajewelry.ee\/paigaldus\/#breadcrumb","itemListElement":[{"@type":"ListItem","position":1,"name":"Home","item":"https:\/\/sarajewelry.ee\/"},{"@type":"ListItem","position":2,"name":"Paigaldus"}]},{"@type":"WebSite","@id":"https:\/\/sarajewelry.ee\/#website","url":"https:\/\/sarajewelry.ee\/","name":"S\u00e4ra Jewelry","description":"Permanent jewelry","publisher":{"@id":"https:\/\/sarajewelry.ee\/#organization"},"alternateName":"S\u00e4ra","potentialAction":[{"@type":"SearchAction","target":{"@type":"EntryPoint","urlTemplate":"https:\/\/sarajewelry.ee\/?s={search_term_string}"},"query-input":{"@type":"PropertyValueSpecification","valueRequired":true,"valueName":"search_term_string"}}],"inLanguage":"en-GB"},{"@type":"Organization","@id":"https:\/\/sarajewelry.ee\/#organization","name":"S\u00e4ra Jewelry","alternateName":"S\u00e4ra","url":"https:\/\/sarajewelry.ee\/","logo":{"@type":"ImageObject","inLanguage":"en-GB","@id":"https:\/\/sarajewelry.ee\/#\/schema\/logo\/image\/","url":"https:\/\/sarajewelry.ee\/wp-content\/uploads\/2023\/05\/favicon.png","contentUrl":"https:\/\/sarajewelry.ee\/wp-content\/uploads\/2023\/05\/favicon.png","width":1024,"height":1024,"caption":"S\u00e4ra Jewelry"},"image":{"@id":"https:\/\/sarajewelry.ee\/#\/schema\/logo\/image\/"},"sameAs":["https:\/\/www.facebook.com\/profile.php?id=100091880882542","https:\/\/www.instagram.com\/sara.eesti\/"]}]}},"_links":{"self":[{"href":"https:\/\/sarajewelry.ee\/en\/wp-json\/wp\/v2\/pages\/2687","targetHints":{"allow":["GET"]}}],"collection":[{"href":"https:\/\/sarajewelry.ee\/en\/wp-json\/wp\/v2\/pages"}],"about":[{"href":"https:\/\/sarajewelry.ee\/en\/wp-json\/wp\/v2\/types\/page"}],"author":[{"embeddable":true,"href":"https:\/\/sarajewelry.ee\/en\/wp-json\/wp\/v2\/users\/1"}],"replies":[{"embeddable":true,"href":"https:\/\/sarajewelry.ee\/en\/wp-json\/wp\/v2\/comments?post=2687"}],"version-history":[{"count":49,"href":"https:\/\/sarajewelry.ee\/en\/wp-json\/wp\/v2\/pages\/2687\/revisions"}],"predecessor-version":[{"id":4054,"href":"https:\/\/sarajewelry.ee\/en\/wp-json\/wp\/v2\/pages\/2687\/revisions\/4054"}],"wp:attachment":[{"href":"https:\/\/sarajewelry.ee\/en\/wp-json\/wp\/v2\/media?parent=2687"}],"curies":[{"name":"wp","href":"https:\/\/api.w.org\/{rel}","templated":true}]}}