{"id":252,"date":"2021-08-18T05:35:45","date_gmt":"2021-08-18T05:35:45","guid":{"rendered":"http:\/\/sara-jewelry.local\/?page_id=252"},"modified":"2024-09-26T00:15:21","modified_gmt":"2024-09-25T21:15:21","slug":"meist","status":"publish","type":"page","link":"https:\/\/sarajewelry.ee\/en\/meist\/","title":{"rendered":"About us"},"content":{"rendered":"<div data-elementor-type=\"wp-page\" data-elementor-id=\"252\" class=\"elementor elementor-252\">\n\t\t\t\t\t\t<section class=\"elementor-section elementor-top-section elementor-element elementor-element-1336c617 elementor-section-height-min-height elementor-section-boxed elementor-section-height-default elementor-section-items-middle\" data-id=\"1336c617\" data-element_type=\"section\" data-settings=\"{&quot;background_background&quot;:&quot;classic&quot;}\">\n\t\t\t\t\t\t<div class=\"elementor-container elementor-column-gap-default\">\n\t\t\t\t\t<div class=\"elementor-column elementor-col-100 elementor-top-column elementor-element elementor-element-7f957220\" data-id=\"7f957220\" data-element_type=\"column\">\n\t\t\t<div class=\"elementor-widget-wrap elementor-element-populated\">\n\t\t\t\t\t\t<div class=\"elementor-element elementor-element-617f05d8 elementor-invisible elementor-widget elementor-widget-heading\" data-id=\"617f05d8\" data-element_type=\"widget\" data-settings=\"{&quot;_animation&quot;:&quot;fadeIn&quot;}\" data-widget_type=\"heading.default\">\n\t\t\t\t<div class=\"elementor-widget-container\">\n\t\t\t\t\t<h1 class=\"elementor-heading-title elementor-size-default\">About us<\/h1>\t\t\t\t<\/div>\n\t\t\t\t<\/div>\n\t\t\t\t\t<\/div>\n\t\t<\/div>\n\t\t\t\t\t<\/div>\n\t\t<\/section>\n\t\t\t\t<section class=\"elementor-section elementor-top-section elementor-element elementor-element-38765c5b elementor-section-boxed elementor-section-height-default elementor-section-height-default elementor-invisible\" data-id=\"38765c5b\" data-element_type=\"section\" data-settings=\"{&quot;animation&quot;:&quot;fadeIn&quot;}\">\n\t\t\t\t\t\t<div class=\"elementor-container elementor-column-gap-default\">\n\t\t\t\t\t<div class=\"elementor-column elementor-col-50 elementor-top-column elementor-element elementor-element-6a82d977\" data-id=\"6a82d977\" data-element_type=\"column\">\n\t\t\t<div class=\"elementor-widget-wrap elementor-element-populated\">\n\t\t\t\t\t\t<div class=\"elementor-element elementor-element-1eb674a4 elementor-widget__width-initial elementor-widget elementor-widget-image\" data-id=\"1eb674a4\" data-element_type=\"widget\" data-widget_type=\"image.default\">\n\t\t\t\t<div class=\"elementor-widget-container\">\n\t\t\t\t\t\t\t\t\t\t\t\t\t\t\t<img fetchpriority=\"high\" decoding=\"async\" width=\"1920\" height=\"2560\" src=\"https:\/\/sarajewelry.ee\/wp-content\/uploads\/2024\/08\/image00007-scaled.jpeg\" class=\"attachment-full size-full wp-image-3936\" alt=\"\" srcset=\"https:\/\/sarajewelry.ee\/wp-content\/uploads\/2024\/08\/image00007-scaled.jpeg 1920w, https:\/\/sarajewelry.ee\/wp-content\/uploads\/2024\/08\/image00007-225x300.jpeg 225w, https:\/\/sarajewelry.ee\/wp-content\/uploads\/2024\/08\/image00007-768x1024.jpeg 768w, https:\/\/sarajewelry.ee\/wp-content\/uploads\/2024\/08\/image00007-1152x1536.jpeg 1152w, https:\/\/sarajewelry.ee\/wp-content\/uploads\/2024\/08\/image00007-1536x2048.jpeg 1536w, https:\/\/sarajewelry.ee\/wp-content\/uploads\/2024\/08\/image00007-9x12.jpeg 9w, https:\/\/sarajewelry.ee\/wp-content\/uploads\/2024\/08\/image00007-1000x1333.jpeg 1000w\" sizes=\"(max-width: 1920px) 100vw, 1920px\" \/>\t\t\t\t\t\t\t\t\t\t\t\t\t\t\t<\/div>\n\t\t\t\t<\/div>\n\t\t\t\t\t<\/div>\n\t\t<\/div>\n\t\t\t\t<div class=\"elementor-column elementor-col-50 elementor-top-column elementor-element elementor-element-3d440c4\" data-id=\"3d440c4\" data-element_type=\"column\">\n\t\t\t<div class=\"elementor-widget-wrap elementor-element-populated\">\n\t\t\t\t\t\t<div class=\"elementor-element elementor-element-2b7ed6cc elementor-widget elementor-widget-heading\" data-id=\"2b7ed6cc\" data-element_type=\"widget\" data-widget_type=\"heading.default\">\n\t\t\t\t<div class=\"elementor-widget-container\">\n\t\t\t\t\t<h2 class=\"elementor-heading-title elementor-size-default\">We are S\u00e4ra Jewelry.<\/h2>\t\t\t\t<\/div>\n\t\t\t\t<\/div>\n\t\t\t\t<div class=\"elementor-element elementor-element-23bc2676 elementor-widget elementor-widget-text-editor\" data-id=\"23bc2676\" data-element_type=\"widget\" data-widget_type=\"text-editor.default\">\n\t\t\t\t<div class=\"elementor-widget-container\">\n\t\t\t\t\t\t\t\t\t<p><span style=\"background-color: var(--ast-global-color-1); color: var( --e-global-color-astglobalcolor0 ); font-style: inherit; font-weight: inherit;\">We are our own Estonian company, whose mission is to offer people beauty, to celebrate extraordinary and symbolic moments with them, and to be a nice decoration as well.&nbsp;<\/span><br><\/p>\n<p><br><\/p>\n<p>We install permanent jewelry, whether it's a classic bracelet, an anklet, or some kind of special request. Our product range includes high-quality gold and silver chains that are designed to last and not be damaged by everyday activities. If you are looking for something that will make you different from others, S\u00e4ra is just for you!<\/p>\t\t\t\t\t\t\t\t<\/div>\n\t\t\t\t<\/div>\n\t\t\t\t\t<\/div>\n\t\t<\/div>\n\t\t\t\t\t<\/div>\n\t\t<\/section>\n\t\t\t\t<section class=\"elementor-section elementor-top-section elementor-element elementor-element-bfeba12 elementor-section-content-middle elementor-section-boxed elementor-section-height-default elementor-section-height-default\" data-id=\"bfeba12\" data-element_type=\"section\" data-settings=\"{&quot;background_background&quot;:&quot;classic&quot;}\">\n\t\t\t\t\t\t<div class=\"elementor-container elementor-column-gap-default\">\n\t\t\t\t\t<div class=\"elementor-column elementor-col-100 elementor-top-column elementor-element elementor-element-3bee8fb8 elementor-invisible\" data-id=\"3bee8fb8\" data-element_type=\"column\" data-settings=\"{&quot;animation&quot;:&quot;fadeInUp&quot;}\">\n\t\t\t<div class=\"elementor-widget-wrap elementor-element-populated\">\n\t\t\t\t\t\t<div class=\"elementor-element elementor-element-4e059b51 elementor-widget elementor-widget-heading\" data-id=\"4e059b51\" data-element_type=\"widget\" data-widget_type=\"heading.default\">\n\t\t\t\t<div class=\"elementor-widget-container\">\n\t\t\t\t\t<h2 class=\"elementor-heading-title elementor-size-default\">Make yourself a gift<\/h2>\t\t\t\t<\/div>\n\t\t\t\t<\/div>\n\t\t\t\t<div class=\"elementor-element elementor-element-108c720a elementor-widget elementor-widget-text-editor\" data-id=\"108c720a\" data-element_type=\"widget\" data-widget_type=\"text-editor.default\">\n\t\t\t\t<div class=\"elementor-widget-container\">\n\t\t\t\t\t\t\t\t\t<div class=\"elementor-element elementor-element-766f4712 elementor-widget elementor-widget-text-editor\" data-id=\"766f4712\" data-element_type=\"widget\" data-widget_type=\"text-editor.default\"><div class=\"elementor-widget-container\"><p>A gift that lasts forever<\/p><\/div><\/div>\t\t\t\t\t\t\t\t<\/div>\n\t\t\t\t<\/div>\n\t\t\t\t<div class=\"elementor-element elementor-element-905c672 elementor-align-center elementor-widget elementor-widget-button\" data-id=\"905c672\" data-element_type=\"widget\" data-widget_type=\"button.default\">\n\t\t\t\t<div class=\"elementor-widget-container\">\n\t\t\t\t\t\t\t\t\t<div class=\"elementor-button-wrapper\">\n\t\t\t\t\t<a class=\"elementor-button elementor-button-link elementor-size-sm\" href=\"https:\/\/sarajewelry.ee\/en\/ehted\/\">\n\t\t\t\t\t\t<span class=\"elementor-button-content-wrapper\">\n\t\t\t\t\t\t\t\t\t<span class=\"elementor-button-text\">View our jewelry<\/span>\n\t\t\t\t\t<\/span>\n\t\t\t\t\t<\/a>\n\t\t\t\t<\/div>\n\t\t\t\t\t\t\t\t<\/div>\n\t\t\t\t<\/div>\n\t\t\t\t\t<\/div>\n\t\t<\/div>\n\t\t\t\t\t<\/div>\n\t\t<\/section>\n\t\t\t\t<\/div>","protected":false},"excerpt":{"rendered":"<p>Meist Meie oleme S\u00e4ra Jewelry. Oleme oma Eesti ettev\u00f5te, kelle missiooniks on pakkuda inimestele ilu, t\u00e4histada koos nendega erakordseid ja s\u00fcmboolseid hetki ning olla niisama toredaks kaunistuseks.&nbsp; Paigaldame p\u00fcsivaid ehteid, olgu selleks klassikaline k\u00e4ekett, jalakett v\u00f5i mingisugune erisoov. Meie tootevalikusse kuuluvad kvaliteetsed kuld- ja h\u00f5beketid, mis on m\u00f5eldud kestma ning igap\u00e4eva tegevused neid ei kahjusta. [&hellip;]<\/p>","protected":false},"author":1,"featured_media":0,"parent":0,"menu_order":0,"comment_status":"closed","ping_status":"closed","template":"elementor_header_footer","meta":{"inline_featured_image":false,"_monsterinsights_skip_tracking":false,"_monsterinsights_sitenote_active":false,"_monsterinsights_sitenote_note":"","_monsterinsights_sitenote_category":0,"site-sidebar-layout":"no-sidebar","site-content-layout":"page-builder","ast-site-content-layout":"","site-content-style":"default","site-sidebar-style":"default","ast-global-header-display":"","ast-banner-title-visibility":"","ast-main-header-display":"","ast-hfb-above-header-display":"","ast-hfb-below-header-display":"","ast-hfb-mobile-header-display":"","site-post-title":"disabled","ast-breadcrumbs-content":"disabled","ast-featured-img":"disabled","footer-sml-layout":"","theme-transparent-header-meta":"enabled","adv-header-id-meta":"","stick-header-meta":"","header-above-stick-meta":"","header-main-stick-meta":"","header-below-stick-meta":"","astra-migrate-meta-layouts":"default","ast-page-background-enabled":"default","ast-page-background-meta":{"desktop":{"background-color":"var(--ast-global-color-4)","background-image":"","background-repeat":"repeat","background-position":"center center","background-size":"auto","background-attachment":"scroll","background-type":"","background-media":"","overlay-type":"","overlay-color":"","overlay-opacity":"","overlay-gradient":""},"tablet":{"background-color":"","background-image":"","background-repeat":"repeat","background-position":"center center","background-size":"auto","background-attachment":"scroll","background-type":"","background-media":"","overlay-type":"","overlay-color":"","overlay-opacity":"","overlay-gradient":""},"mobile":{"background-color":"","background-image":"","background-repeat":"repeat","background-position":"center center","background-size":"auto","background-attachment":"scroll","background-type":"","background-media":"","overlay-type":"","overlay-color":"","overlay-opacity":"","overlay-gradient":""}},"ast-content-background-meta":{"desktop":{"background-color":"var(--ast-global-color-5)","background-image":"","background-repeat":"repeat","background-position":"center center","background-size":"auto","background-attachment":"scroll","background-type":"","background-media":"","overlay-type":"","overlay-color":"","overlay-opacity":"","overlay-gradient":""},"tablet":{"background-color":"var(--ast-global-color-5)","background-image":"","background-repeat":"repeat","background-position":"center center","background-size":"auto","background-attachment":"scroll","background-type":"","background-media":"","overlay-type":"","overlay-color":"","overlay-opacity":"","overlay-gradient":""},"mobile":{"background-color":"var(--ast-global-color-5)","background-image":"","background-repeat":"repeat","background-position":"center center","background-size":"auto","background-attachment":"scroll","background-type":"","background-media":"","overlay-type":"","overlay-color":"","overlay-opacity":"","overlay-gradient":""}},"_themeisle_gutenberg_block_has_review":false,"footnotes":""},"class_list":["post-252","page","type-page","status-publish","hentry"],"yoast_head":"<!-- This site is optimized with the Yoast SEO plugin v25.2 - https:\/\/yoast.com\/wordpress\/plugins\/seo\/ -->\n<title>Meist - S\u00e4ra Jewelry<\/title>\n<meta name=\"robots\" content=\"index, follow, max-snippet:-1, max-image-preview:large, max-video-preview:-1\" \/>\n<link rel=\"canonical\" href=\"https:\/\/sarajewelry.ee\/en\/meist\/\" \/>\n<meta property=\"og:locale\" content=\"en_GB\" \/>\n<meta property=\"og:type\" content=\"article\" \/>\n<meta property=\"og:title\" content=\"Meist - S\u00e4ra Jewelry\" \/>\n<meta property=\"og:description\" content=\"Meist Meie oleme S\u00e4ra Jewelry. Oleme oma Eesti ettev\u00f5te, kelle missiooniks on pakkuda inimestele ilu, t\u00e4histada koos nendega erakordseid ja s\u00fcmboolseid hetki ning olla niisama toredaks kaunistuseks.&nbsp; Paigaldame p\u00fcsivaid ehteid, olgu selleks klassikaline k\u00e4ekett, jalakett v\u00f5i mingisugune erisoov. Meie tootevalikusse kuuluvad kvaliteetsed kuld- ja h\u00f5beketid, mis on m\u00f5eldud kestma ning igap\u00e4eva tegevused neid ei kahjusta. [&hellip;]\" \/>\n<meta property=\"og:url\" content=\"https:\/\/sarajewelry.ee\/en\/meist\/\" \/>\n<meta property=\"og:site_name\" content=\"S\u00e4ra Jewelry\" \/>\n<meta property=\"article:publisher\" content=\"https:\/\/www.facebook.com\/profile.php?id=100091880882542\" \/>\n<meta property=\"article:modified_time\" content=\"2024-09-25T21:15:21+00:00\" \/>\n<meta property=\"og:image\" content=\"https:\/\/sarajewelry.ee\/wp-content\/uploads\/2024\/08\/image00007-scaled.jpeg\" \/>\n<meta name=\"twitter:card\" content=\"summary_large_image\" \/>\n<meta name=\"twitter:label1\" content=\"Estimated reading time\" \/>\n\t<meta name=\"twitter:data1\" content=\"1 minute\" \/>\n<script type=\"application\/ld+json\" class=\"yoast-schema-graph\">{\"@context\":\"https:\/\/schema.org\",\"@graph\":[{\"@type\":\"WebPage\",\"@id\":\"https:\/\/sarajewelry.ee\/meist\/\",\"url\":\"https:\/\/sarajewelry.ee\/meist\/\",\"name\":\"Meist - S\u00e4ra Jewelry\",\"isPartOf\":{\"@id\":\"https:\/\/sarajewelry.ee\/#website\"},\"primaryImageOfPage\":{\"@id\":\"https:\/\/sarajewelry.ee\/meist\/#primaryimage\"},\"image\":{\"@id\":\"https:\/\/sarajewelry.ee\/meist\/#primaryimage\"},\"thumbnailUrl\":\"https:\/\/sarajewelry.ee\/wp-content\/uploads\/2024\/08\/image00007-scaled.jpeg\",\"datePublished\":\"2021-08-18T05:35:45+00:00\",\"dateModified\":\"2024-09-25T21:15:21+00:00\",\"breadcrumb\":{\"@id\":\"https:\/\/sarajewelry.ee\/meist\/#breadcrumb\"},\"inLanguage\":\"en-GB\",\"potentialAction\":[{\"@type\":\"ReadAction\",\"target\":[\"https:\/\/sarajewelry.ee\/meist\/\"]}]},{\"@type\":\"ImageObject\",\"inLanguage\":\"en-GB\",\"@id\":\"https:\/\/sarajewelry.ee\/meist\/#primaryimage\",\"url\":\"https:\/\/sarajewelry.ee\/wp-content\/uploads\/2024\/08\/image00007-scaled.jpeg\",\"contentUrl\":\"https:\/\/sarajewelry.ee\/wp-content\/uploads\/2024\/08\/image00007-scaled.jpeg\"},{\"@type\":\"BreadcrumbList\",\"@id\":\"https:\/\/sarajewelry.ee\/meist\/#breadcrumb\",\"itemListElement\":[{\"@type\":\"ListItem\",\"position\":1,\"name\":\"Home\",\"item\":\"https:\/\/sarajewelry.ee\/\"},{\"@type\":\"ListItem\",\"position\":2,\"name\":\"Meist\"}]},{\"@type\":\"WebSite\",\"@id\":\"https:\/\/sarajewelry.ee\/#website\",\"url\":\"https:\/\/sarajewelry.ee\/\",\"name\":\"S\u00e4ra Jewelry\",\"description\":\"Permanent jewelry\",\"publisher\":{\"@id\":\"https:\/\/sarajewelry.ee\/#organization\"},\"alternateName\":\"S\u00e4ra\",\"potentialAction\":[{\"@type\":\"SearchAction\",\"target\":{\"@type\":\"EntryPoint\",\"urlTemplate\":\"https:\/\/sarajewelry.ee\/?s={search_term_string}\"},\"query-input\":{\"@type\":\"PropertyValueSpecification\",\"valueRequired\":true,\"valueName\":\"search_term_string\"}}],\"inLanguage\":\"en-GB\"},{\"@type\":\"Organization\",\"@id\":\"https:\/\/sarajewelry.ee\/#organization\",\"name\":\"S\u00e4ra Jewelry\",\"alternateName\":\"S\u00e4ra\",\"url\":\"https:\/\/sarajewelry.ee\/\",\"logo\":{\"@type\":\"ImageObject\",\"inLanguage\":\"en-GB\",\"@id\":\"https:\/\/sarajewelry.ee\/#\/schema\/logo\/image\/\",\"url\":\"https:\/\/sarajewelry.ee\/wp-content\/uploads\/2023\/05\/favicon.png\",\"contentUrl\":\"https:\/\/sarajewelry.ee\/wp-content\/uploads\/2023\/05\/favicon.png\",\"width\":1024,\"height\":1024,\"caption\":\"S\u00e4ra Jewelry\"},\"image\":{\"@id\":\"https:\/\/sarajewelry.ee\/#\/schema\/logo\/image\/\"},\"sameAs\":[\"https:\/\/www.facebook.com\/profile.php?id=100091880882542\",\"https:\/\/www.instagram.com\/sara.eesti\/\"]}]}<\/script>\n<!-- \/ Yoast SEO plugin. -->","yoast_head_json":{"title":"Meist - S\u00e4ra Jewelry","robots":{"index":"index","follow":"follow","max-snippet":"max-snippet:-1","max-image-preview":"max-image-preview:large","max-video-preview":"max-video-preview:-1"},"canonical":"https:\/\/sarajewelry.ee\/en\/meist\/","og_locale":"en_GB","og_type":"article","og_title":"Meist - S\u00e4ra Jewelry","og_description":"Meist Meie oleme S\u00e4ra Jewelry. Oleme oma Eesti ettev\u00f5te, kelle missiooniks on pakkuda inimestele ilu, t\u00e4histada koos nendega erakordseid ja s\u00fcmboolseid hetki ning olla niisama toredaks kaunistuseks.&nbsp; Paigaldame p\u00fcsivaid ehteid, olgu selleks klassikaline k\u00e4ekett, jalakett v\u00f5i mingisugune erisoov. Meie tootevalikusse kuuluvad kvaliteetsed kuld- ja h\u00f5beketid, mis on m\u00f5eldud kestma ning igap\u00e4eva tegevused neid ei kahjusta. [&hellip;]","og_url":"https:\/\/sarajewelry.ee\/en\/meist\/","og_site_name":"S\u00e4ra Jewelry","article_publisher":"https:\/\/www.facebook.com\/profile.php?id=100091880882542","article_modified_time":"2024-09-25T21:15:21+00:00","og_image":[{"url":"https:\/\/sarajewelry.ee\/wp-content\/uploads\/2024\/08\/image00007-scaled.jpeg","type":"","width":"","height":""}],"twitter_card":"summary_large_image","twitter_misc":{"Estimated reading time":"1 minute"},"schema":{"@context":"https:\/\/schema.org","@graph":[{"@type":"WebPage","@id":"https:\/\/sarajewelry.ee\/meist\/","url":"https:\/\/sarajewelry.ee\/meist\/","name":"Meist - S\u00e4ra Jewelry","isPartOf":{"@id":"https:\/\/sarajewelry.ee\/#website"},"primaryImageOfPage":{"@id":"https:\/\/sarajewelry.ee\/meist\/#primaryimage"},"image":{"@id":"https:\/\/sarajewelry.ee\/meist\/#primaryimage"},"thumbnailUrl":"https:\/\/sarajewelry.ee\/wp-content\/uploads\/2024\/08\/image00007-scaled.jpeg","datePublished":"2021-08-18T05:35:45+00:00","dateModified":"2024-09-25T21:15:21+00:00","breadcrumb":{"@id":"https:\/\/sarajewelry.ee\/meist\/#breadcrumb"},"inLanguage":"en-GB","potentialAction":[{"@type":"ReadAction","target":["https:\/\/sarajewelry.ee\/meist\/"]}]},{"@type":"ImageObject","inLanguage":"en-GB","@id":"https:\/\/sarajewelry.ee\/meist\/#primaryimage","url":"https:\/\/sarajewelry.ee\/wp-content\/uploads\/2024\/08\/image00007-scaled.jpeg","contentUrl":"https:\/\/sarajewelry.ee\/wp-content\/uploads\/2024\/08\/image00007-scaled.jpeg"},{"@type":"BreadcrumbList","@id":"https:\/\/sarajewelry.ee\/meist\/#breadcrumb","itemListElement":[{"@type":"ListItem","position":1,"name":"Home","item":"https:\/\/sarajewelry.ee\/"},{"@type":"ListItem","position":2,"name":"Meist"}]},{"@type":"WebSite","@id":"https:\/\/sarajewelry.ee\/#website","url":"https:\/\/sarajewelry.ee\/","name":"S\u00e4ra Jewelry","description":"Permanent jewelry","publisher":{"@id":"https:\/\/sarajewelry.ee\/#organization"},"alternateName":"S\u00e4ra","potentialAction":[{"@type":"SearchAction","target":{"@type":"EntryPoint","urlTemplate":"https:\/\/sarajewelry.ee\/?s={search_term_string}"},"query-input":{"@type":"PropertyValueSpecification","valueRequired":true,"valueName":"search_term_string"}}],"inLanguage":"en-GB"},{"@type":"Organization","@id":"https:\/\/sarajewelry.ee\/#organization","name":"S\u00e4ra Jewelry","alternateName":"S\u00e4ra","url":"https:\/\/sarajewelry.ee\/","logo":{"@type":"ImageObject","inLanguage":"en-GB","@id":"https:\/\/sarajewelry.ee\/#\/schema\/logo\/image\/","url":"https:\/\/sarajewelry.ee\/wp-content\/uploads\/2023\/05\/favicon.png","contentUrl":"https:\/\/sarajewelry.ee\/wp-content\/uploads\/2023\/05\/favicon.png","width":1024,"height":1024,"caption":"S\u00e4ra Jewelry"},"image":{"@id":"https:\/\/sarajewelry.ee\/#\/schema\/logo\/image\/"},"sameAs":["https:\/\/www.facebook.com\/profile.php?id=100091880882542","https:\/\/www.instagram.com\/sara.eesti\/"]}]}},"_links":{"self":[{"href":"https:\/\/sarajewelry.ee\/en\/wp-json\/wp\/v2\/pages\/252","targetHints":{"allow":["GET"]}}],"collection":[{"href":"https:\/\/sarajewelry.ee\/en\/wp-json\/wp\/v2\/pages"}],"about":[{"href":"https:\/\/sarajewelry.ee\/en\/wp-json\/wp\/v2\/types\/page"}],"author":[{"embeddable":true,"href":"https:\/\/sarajewelry.ee\/en\/wp-json\/wp\/v2\/users\/1"}],"replies":[{"embeddable":true,"href":"https:\/\/sarajewelry.ee\/en\/wp-json\/wp\/v2\/comments?post=252"}],"version-history":[{"count":101,"href":"https:\/\/sarajewelry.ee\/en\/wp-json\/wp\/v2\/pages\/252\/revisions"}],"predecessor-version":[{"id":4048,"href":"https:\/\/sarajewelry.ee\/en\/wp-json\/wp\/v2\/pages\/252\/revisions\/4048"}],"wp:attachment":[{"href":"https:\/\/sarajewelry.ee\/en\/wp-json\/wp\/v2\/media?parent=252"}],"curies":[{"name":"wp","href":"https:\/\/api.w.org\/{rel}","templated":true}]}}